{"id":125,"date":"2026-02-23T12:38:57","date_gmt":"2026-02-23T12:38:57","guid":{"rendered":"https:\/\/hanza-hotel.ms3.decms.eu\/rooms\/"},"modified":"2026-03-25T15:16:24","modified_gmt":"2026-03-25T15:16:24","slug":"viesnicas-numuri","status":"publish","type":"page","link":"https:\/\/www.hanzahotel.lv\/lv\/viesnicas-numuri\/","title":{"rendered":"Viesn\u012bcas numuri"},"content":{"rendered":"<p style=\"text-align: center;\">Viesn\u012bcas HANZA numuri ir vienk\u0101r\u0161i, t\u012bri un m\u0101j\u012bgi \u2013 rad\u012bti t\u0101, lai j\u016bs \u0161eit justos k\u0101 m\u0101j\u0101s. Katr\u0101 numur\u0101 ir pieejams bezmaksas Wi-Fi, TV, t\u0101lrunis, seifs, f\u0113ns, t\u0113jkanna ar t\u0113ju un kafiju, neliels ledusskapis, un cen\u0101 ir iek\u013cautas brokastis. No daudziem numuriem paveras skats uz Baltij\u0101 liel\u0101ko koka bazn\u012bcu. Neatkar\u012bgi no t\u0101, vai apmekl\u0113jat R\u012bgu, lai dotos ekskursij\u0101s vai \u012bs\u0101 atp\u016bt\u0101, HANZA pied\u0101v\u0101 klusu, \u0113rtu b\u0101zes vietu un draudz\u012bgu apkalpo\u0161anu, lai j\u016bsu uztur\u0113\u0161an\u0101s b\u016btu pat\u012bkama un mier\u012bga.<\/p>\n","protected":false},"excerpt":{"rendered":"<p>Viesn\u012bcas HANZA numuri ir vienk\u0101r\u0161i, t\u012bri un m\u0101j\u012bgi \u2013 rad\u012bti t\u0101, lai j\u016bs \u0161eit justos k\u0101 m\u0101j\u0101s. Katr\u0101 numur\u0101 ir pieejams bezmaksas Wi-Fi, TV, t\u0101lrunis, seifs, f\u0113ns, t\u0113jkanna ar t\u0113ju un kafiju, neliels ledusskapis, un cen\u0101 ir iek\u013cautas brokastis. No daudziem numuriem paveras skats uz Baltij\u0101 liel\u0101ko koka bazn\u012bcu. Neatkar\u012bgi no t\u0101, vai apmekl\u0113jat R\u012bgu, [&hellip;]<\/p>\n","protected":false},"author":13,"featured_media":0,"parent":0,"menu_order":1,"comment_status":"closed","ping_status":"closed","template":"template-rooms.php","meta":{"footnotes":""},"class_list":["post-125","page","type-page","status-publish","hentry"],"yoast_head":"<!-- This site is optimized with the Yoast SEO plugin v26.9 - https:\/\/yoast.com\/product\/yoast-seo-wordpress\/ -->\n<title>Viesn\u012bcas numuri - Hanza Hotel<\/title>\n<meta name=\"description\" content=\"Viesn\u012bcas HANZA numuri ir vienk\u0101r\u0161i, t\u012bri un m\u0101j\u012bgi \u2013 rad\u012bti t\u0101, lai j\u016bs \u0161eit justos k\u0101 m\u0101j\u0101s. Katr\u0101 numur\u0101 ir pieejams bezmaksas Wi-Fi, TV, t\u0101lrunis, seifs, f\u0113ns, t\u0113jkanna ar t\u0113ju un kafiju, neliels ledusskapis, un cen\u0101 ir iek\u013cautas brokastis\" \/>\n<meta name=\"robots\" content=\"index, follow, max-snippet:-1, max-image-preview:large, max-video-preview:-1\" \/>\n<link rel=\"canonical\" href=\"https:\/\/www.hanzahotel.lv\/lv\/viesnicas-numuri\/\" \/>\n<meta property=\"og:locale\" content=\"lv_LV\" \/>\n<meta property=\"og:type\" content=\"article\" \/>\n<meta property=\"og:title\" content=\"Viesn\u012bcas numuri - Hanza Hotel\" \/>\n<meta property=\"og:description\" content=\"Viesn\u012bcas HANZA numuri ir vienk\u0101r\u0161i, t\u012bri un m\u0101j\u012bgi \u2013 rad\u012bti t\u0101, lai j\u016bs \u0161eit justos k\u0101 m\u0101j\u0101s. Katr\u0101 numur\u0101 ir pieejams bezmaksas Wi-Fi, TV, t\u0101lrunis, seifs, f\u0113ns, t\u0113jkanna ar t\u0113ju un kafiju, neliels ledusskapis, un cen\u0101 ir iek\u013cautas brokastis\" \/>\n<meta property=\"og:url\" content=\"https:\/\/www.hanzahotel.lv\/lv\/viesnicas-numuri\/\" \/>\n<meta property=\"og:site_name\" content=\"Hanza Hotel\" \/>\n<meta property=\"article:modified_time\" content=\"2026-03-25T15:16:24+00:00\" \/>\n<meta name=\"twitter:card\" content=\"summary_large_image\" \/>\n<meta name=\"twitter:label1\" content=\"Est. reading time\" \/>\n\t<meta name=\"twitter:data1\" content=\"1 minute\" \/>\n<script type=\"application\/ld+json\" class=\"yoast-schema-graph\">{\"@context\":\"https:\/\/schema.org\",\"@graph\":[{\"@type\":\"WebPage\",\"@id\":\"https:\/\/www.hanzahotel.lv\/lv\/viesnicas-numuri\/\",\"url\":\"https:\/\/www.hanzahotel.lv\/lv\/viesnicas-numuri\/\",\"name\":\"Viesn\u012bcas numuri - Hanza Hotel\",\"isPartOf\":{\"@id\":\"https:\/\/www.hanzahotel.lv\/lv\/#website\"},\"datePublished\":\"2026-02-23T12:38:57+00:00\",\"dateModified\":\"2026-03-25T15:16:24+00:00\",\"description\":\"Viesn\u012bcas HANZA numuri ir vienk\u0101r\u0161i, t\u012bri un m\u0101j\u012bgi \u2013 rad\u012bti t\u0101, lai j\u016bs \u0161eit justos k\u0101 m\u0101j\u0101s. Katr\u0101 numur\u0101 ir pieejams bezmaksas Wi-Fi, TV, t\u0101lrunis, seifs, f\u0113ns, t\u0113jkanna ar t\u0113ju un kafiju, neliels ledusskapis, un cen\u0101 ir iek\u013cautas brokastis\",\"breadcrumb\":{\"@id\":\"https:\/\/www.hanzahotel.lv\/lv\/viesnicas-numuri\/#breadcrumb\"},\"inLanguage\":\"lv-LV\",\"potentialAction\":[{\"@type\":\"ReadAction\",\"target\":[\"https:\/\/www.hanzahotel.lv\/lv\/viesnicas-numuri\/\"]}]},{\"@type\":\"BreadcrumbList\",\"@id\":\"https:\/\/www.hanzahotel.lv\/lv\/viesnicas-numuri\/#breadcrumb\",\"itemListElement\":[{\"@type\":\"ListItem\",\"position\":1,\"name\":\"S\u0101kumlapa\",\"item\":\"https:\/\/www.hanzahotel.lv\/lv\/\"},{\"@type\":\"ListItem\",\"position\":2,\"name\":\"Viesn\u012bcas numuri\"}]},{\"@type\":\"WebSite\",\"@id\":\"https:\/\/www.hanzahotel.lv\/lv\/#website\",\"url\":\"https:\/\/www.hanzahotel.lv\/lv\/\",\"name\":\"Hanza Hotel\",\"description\":\"\",\"potentialAction\":[{\"@type\":\"SearchAction\",\"target\":{\"@type\":\"EntryPoint\",\"urlTemplate\":\"https:\/\/www.hanzahotel.lv\/lv\/?s={search_term_string}\"},\"query-input\":{\"@type\":\"PropertyValueSpecification\",\"valueRequired\":true,\"valueName\":\"search_term_string\"}}],\"inLanguage\":\"lv-LV\"}]}<\/script>\n<!-- \/ Yoast SEO plugin. -->","yoast_head_json":{"title":"Viesn\u012bcas numuri - Hanza Hotel","description":"Viesn\u012bcas HANZA numuri ir vienk\u0101r\u0161i, t\u012bri un m\u0101j\u012bgi \u2013 rad\u012bti t\u0101, lai j\u016bs \u0161eit justos k\u0101 m\u0101j\u0101s. Katr\u0101 numur\u0101 ir pieejams bezmaksas Wi-Fi, TV, t\u0101lrunis, seifs, f\u0113ns, t\u0113jkanna ar t\u0113ju un kafiju, neliels ledusskapis, un cen\u0101 ir iek\u013cautas brokastis","robots":{"index":"index","follow":"follow","max-snippet":"max-snippet:-1","max-image-preview":"max-image-preview:large","max-video-preview":"max-video-preview:-1"},"canonical":"https:\/\/www.hanzahotel.lv\/lv\/viesnicas-numuri\/","og_locale":"lv_LV","og_type":"article","og_title":"Viesn\u012bcas numuri - Hanza Hotel","og_description":"Viesn\u012bcas HANZA numuri ir vienk\u0101r\u0161i, t\u012bri un m\u0101j\u012bgi \u2013 rad\u012bti t\u0101, lai j\u016bs \u0161eit justos k\u0101 m\u0101j\u0101s. Katr\u0101 numur\u0101 ir pieejams bezmaksas Wi-Fi, TV, t\u0101lrunis, seifs, f\u0113ns, t\u0113jkanna ar t\u0113ju un kafiju, neliels ledusskapis, un cen\u0101 ir iek\u013cautas brokastis","og_url":"https:\/\/www.hanzahotel.lv\/lv\/viesnicas-numuri\/","og_site_name":"Hanza Hotel","article_modified_time":"2026-03-25T15:16:24+00:00","twitter_card":"summary_large_image","twitter_misc":{"Est. reading time":"1 minute"},"schema":{"@context":"https:\/\/schema.org","@graph":[{"@type":"WebPage","@id":"https:\/\/www.hanzahotel.lv\/lv\/viesnicas-numuri\/","url":"https:\/\/www.hanzahotel.lv\/lv\/viesnicas-numuri\/","name":"Viesn\u012bcas numuri - Hanza Hotel","isPartOf":{"@id":"https:\/\/www.hanzahotel.lv\/lv\/#website"},"datePublished":"2026-02-23T12:38:57+00:00","dateModified":"2026-03-25T15:16:24+00:00","description":"Viesn\u012bcas HANZA numuri ir vienk\u0101r\u0161i, t\u012bri un m\u0101j\u012bgi \u2013 rad\u012bti t\u0101, lai j\u016bs \u0161eit justos k\u0101 m\u0101j\u0101s. Katr\u0101 numur\u0101 ir pieejams bezmaksas Wi-Fi, TV, t\u0101lrunis, seifs, f\u0113ns, t\u0113jkanna ar t\u0113ju un kafiju, neliels ledusskapis, un cen\u0101 ir iek\u013cautas brokastis","breadcrumb":{"@id":"https:\/\/www.hanzahotel.lv\/lv\/viesnicas-numuri\/#breadcrumb"},"inLanguage":"lv-LV","potentialAction":[{"@type":"ReadAction","target":["https:\/\/www.hanzahotel.lv\/lv\/viesnicas-numuri\/"]}]},{"@type":"BreadcrumbList","@id":"https:\/\/www.hanzahotel.lv\/lv\/viesnicas-numuri\/#breadcrumb","itemListElement":[{"@type":"ListItem","position":1,"name":"S\u0101kumlapa","item":"https:\/\/www.hanzahotel.lv\/lv\/"},{"@type":"ListItem","position":2,"name":"Viesn\u012bcas numuri"}]},{"@type":"WebSite","@id":"https:\/\/www.hanzahotel.lv\/lv\/#website","url":"https:\/\/www.hanzahotel.lv\/lv\/","name":"Hanza Hotel","description":"","potentialAction":[{"@type":"SearchAction","target":{"@type":"EntryPoint","urlTemplate":"https:\/\/www.hanzahotel.lv\/lv\/?s={search_term_string}"},"query-input":{"@type":"PropertyValueSpecification","valueRequired":true,"valueName":"search_term_string"}}],"inLanguage":"lv-LV"}]}},"acf":[],"_links":{"self":[{"href":"https:\/\/www.hanzahotel.lv\/lv\/wp-json\/wp\/v2\/pages\/125","targetHints":{"allow":["GET"]}}],"collection":[{"href":"https:\/\/www.hanzahotel.lv\/lv\/wp-json\/wp\/v2\/pages"}],"about":[{"href":"https:\/\/www.hanzahotel.lv\/lv\/wp-json\/wp\/v2\/types\/page"}],"author":[{"embeddable":true,"href":"https:\/\/www.hanzahotel.lv\/lv\/wp-json\/wp\/v2\/users\/13"}],"replies":[{"embeddable":true,"href":"https:\/\/www.hanzahotel.lv\/lv\/wp-json\/wp\/v2\/comments?post=125"}],"version-history":[{"count":0,"href":"https:\/\/www.hanzahotel.lv\/lv\/wp-json\/wp\/v2\/pages\/125\/revisions"}],"wp:attachment":[{"href":"https:\/\/www.hanzahotel.lv\/lv\/wp-json\/wp\/v2\/media?parent=125"}],"curies":[{"name":"wp","href":"https:\/\/api.w.org\/{rel}","templated":true}]}}