{"id":129,"date":"2026-02-23T12:39:54","date_gmt":"2026-02-23T12:39:54","guid":{"rendered":"https:\/\/hanza-hotel.ms3.decms.eu\/viesnicas-numuri\/single-rooms\/"},"modified":"2026-03-26T11:09:14","modified_gmt":"2026-03-26T11:09:14","slug":"vienvietigie-numuri","status":"publish","type":"page","link":"https:\/\/www.hanzahotel.lv\/lv\/viesnicas-numuri\/vienvietigie-numuri\/","title":{"rendered":"Vienviet\u012bgie numuri"},"content":{"rendered":"<p style=\"text-align: center;\">M\u016bsu vienviet\u012bgie numuri ir rad\u012bti ce\u013cot\u0101jiem, kuri nov\u0113rt\u0113 funkcion\u0101lu un mier\u012bgu vidi. Katr\u0101 numur\u0101 ir plata gulta (140 cm), kas pied\u0101v\u0101 vair\u0101k vietas atp\u016btai nek\u0101 parasti vienviet\u012bgie numuri. Atmosf\u0113ra \u0161eit ir vienk\u0101r\u0161a un patiesa \u2014 t\u0101 ir t\u012bra, priv\u0101ta telpa, kur\u0101 atp\u016bsties p\u0113c darba tik\u0161an\u0101s vai garas pastaigas pils\u0113t\u0101. M\u0113s koncentr\u0113jamies uz galveno: \u0113rtu matraci, praktisku izk\u0101rtojumu un klusu vidi, lai nodro\u0161in\u0101tu jums pilnv\u0113rt\u012bgu naktsmieru.<\/p>\n","protected":false},"excerpt":{"rendered":"<p>M\u016bsu vienviet\u012bgie numuri ir rad\u012bti ce\u013cot\u0101jiem, kuri nov\u0113rt\u0113 funkcion\u0101lu un mier\u012bgu vidi. Katr\u0101 numur\u0101 ir plata gulta (140 cm), kas pied\u0101v\u0101 vair\u0101k vietas atp\u016btai nek\u0101 parasti vienviet\u012bgie numuri. Atmosf\u0113ra \u0161eit ir vienk\u0101r\u0161a un patiesa \u2014 t\u0101 ir t\u012bra, priv\u0101ta telpa, kur\u0101 atp\u016bsties p\u0113c darba tik\u0161an\u0101s vai garas pastaigas pils\u0113t\u0101. M\u0113s koncentr\u0113jamies uz galveno: \u0113rtu matraci, [&hellip;]<\/p>\n","protected":false},"author":13,"featured_media":0,"parent":125,"menu_order":5,"comment_status":"closed","ping_status":"closed","template":"template-single-room.php","meta":{"footnotes":""},"class_list":["post-129","page","type-page","status-publish","hentry"],"yoast_head":"<!-- This site is optimized with the Yoast SEO plugin v26.9 - https:\/\/yoast.com\/product\/yoast-seo-wordpress\/ -->\n<title>Vienviet\u012bgie numuri - Hanza Hotel<\/title>\n<meta name=\"description\" content=\"M\u016bsu vienviet\u012bgie numuri ir rad\u012bti ce\u013cot\u0101jiem, kuri nov\u0113rt\u0113 funkcion\u0101lu un mier\u012bgu vidi. Katr\u0101 numur\u0101 ir plata gulta (140 cm), kas pied\u0101v\u0101 vair\u0101k vietas atp\u016btai nek\u0101 parasti vienviet\u012bgie numuri\" \/>\n<meta name=\"robots\" content=\"index, follow, max-snippet:-1, max-image-preview:large, max-video-preview:-1\" \/>\n<link rel=\"canonical\" href=\"https:\/\/www.hanzahotel.lv\/lv\/viesnicas-numuri\/vienvietigie-numuri\/\" \/>\n<meta property=\"og:locale\" content=\"lv_LV\" \/>\n<meta property=\"og:type\" content=\"article\" \/>\n<meta property=\"og:title\" content=\"Vienviet\u012bgie numuri - Hanza Hotel\" \/>\n<meta property=\"og:description\" content=\"M\u016bsu vienviet\u012bgie numuri ir rad\u012bti ce\u013cot\u0101jiem, kuri nov\u0113rt\u0113 funkcion\u0101lu un mier\u012bgu vidi. Katr\u0101 numur\u0101 ir plata gulta (140 cm), kas pied\u0101v\u0101 vair\u0101k vietas atp\u016btai nek\u0101 parasti vienviet\u012bgie numuri\" \/>\n<meta property=\"og:url\" content=\"https:\/\/www.hanzahotel.lv\/lv\/viesnicas-numuri\/vienvietigie-numuri\/\" \/>\n<meta property=\"og:site_name\" content=\"Hanza Hotel\" \/>\n<meta property=\"article:modified_time\" content=\"2026-03-26T11:09:14+00:00\" \/>\n<meta name=\"twitter:card\" content=\"summary_large_image\" \/>\n<meta name=\"twitter:label1\" content=\"Est. reading time\" \/>\n\t<meta name=\"twitter:data1\" content=\"1 minute\" \/>\n<script type=\"application\/ld+json\" class=\"yoast-schema-graph\">{\"@context\":\"https:\/\/schema.org\",\"@graph\":[{\"@type\":\"WebPage\",\"@id\":\"https:\/\/www.hanzahotel.lv\/lv\/viesnicas-numuri\/vienvietigie-numuri\/\",\"url\":\"https:\/\/www.hanzahotel.lv\/lv\/viesnicas-numuri\/vienvietigie-numuri\/\",\"name\":\"Vienviet\u012bgie numuri - Hanza Hotel\",\"isPartOf\":{\"@id\":\"https:\/\/www.hanzahotel.lv\/lv\/#website\"},\"datePublished\":\"2026-02-23T12:39:54+00:00\",\"dateModified\":\"2026-03-26T11:09:14+00:00\",\"description\":\"M\u016bsu vienviet\u012bgie numuri ir rad\u012bti ce\u013cot\u0101jiem, kuri nov\u0113rt\u0113 funkcion\u0101lu un mier\u012bgu vidi. Katr\u0101 numur\u0101 ir plata gulta (140 cm), kas pied\u0101v\u0101 vair\u0101k vietas atp\u016btai nek\u0101 parasti vienviet\u012bgie numuri\",\"breadcrumb\":{\"@id\":\"https:\/\/www.hanzahotel.lv\/lv\/viesnicas-numuri\/vienvietigie-numuri\/#breadcrumb\"},\"inLanguage\":\"lv-LV\",\"potentialAction\":[{\"@type\":\"ReadAction\",\"target\":[\"https:\/\/www.hanzahotel.lv\/lv\/viesnicas-numuri\/vienvietigie-numuri\/\"]}]},{\"@type\":\"BreadcrumbList\",\"@id\":\"https:\/\/www.hanzahotel.lv\/lv\/viesnicas-numuri\/vienvietigie-numuri\/#breadcrumb\",\"itemListElement\":[{\"@type\":\"ListItem\",\"position\":1,\"name\":\"S\u0101kumlapa\",\"item\":\"https:\/\/www.hanzahotel.lv\/lv\/\"},{\"@type\":\"ListItem\",\"position\":2,\"name\":\"Viesn\u012bcas numuri\",\"item\":\"https:\/\/www.hanzahotel.lv\/lv\/viesnicas-numuri\/\"},{\"@type\":\"ListItem\",\"position\":3,\"name\":\"Vienviet\u012bgie numuri\"}]},{\"@type\":\"WebSite\",\"@id\":\"https:\/\/www.hanzahotel.lv\/lv\/#website\",\"url\":\"https:\/\/www.hanzahotel.lv\/lv\/\",\"name\":\"Hanza Hotel\",\"description\":\"\",\"potentialAction\":[{\"@type\":\"SearchAction\",\"target\":{\"@type\":\"EntryPoint\",\"urlTemplate\":\"https:\/\/www.hanzahotel.lv\/lv\/?s={search_term_string}\"},\"query-input\":{\"@type\":\"PropertyValueSpecification\",\"valueRequired\":true,\"valueName\":\"search_term_string\"}}],\"inLanguage\":\"lv-LV\"}]}<\/script>\n<!-- \/ Yoast SEO plugin. -->","yoast_head_json":{"title":"Vienviet\u012bgie numuri - Hanza Hotel","description":"M\u016bsu vienviet\u012bgie numuri ir rad\u012bti ce\u013cot\u0101jiem, kuri nov\u0113rt\u0113 funkcion\u0101lu un mier\u012bgu vidi. Katr\u0101 numur\u0101 ir plata gulta (140 cm), kas pied\u0101v\u0101 vair\u0101k vietas atp\u016btai nek\u0101 parasti vienviet\u012bgie numuri","robots":{"index":"index","follow":"follow","max-snippet":"max-snippet:-1","max-image-preview":"max-image-preview:large","max-video-preview":"max-video-preview:-1"},"canonical":"https:\/\/www.hanzahotel.lv\/lv\/viesnicas-numuri\/vienvietigie-numuri\/","og_locale":"lv_LV","og_type":"article","og_title":"Vienviet\u012bgie numuri - Hanza Hotel","og_description":"M\u016bsu vienviet\u012bgie numuri ir rad\u012bti ce\u013cot\u0101jiem, kuri nov\u0113rt\u0113 funkcion\u0101lu un mier\u012bgu vidi. Katr\u0101 numur\u0101 ir plata gulta (140 cm), kas pied\u0101v\u0101 vair\u0101k vietas atp\u016btai nek\u0101 parasti vienviet\u012bgie numuri","og_url":"https:\/\/www.hanzahotel.lv\/lv\/viesnicas-numuri\/vienvietigie-numuri\/","og_site_name":"Hanza Hotel","article_modified_time":"2026-03-26T11:09:14+00:00","twitter_card":"summary_large_image","twitter_misc":{"Est. reading time":"1 minute"},"schema":{"@context":"https:\/\/schema.org","@graph":[{"@type":"WebPage","@id":"https:\/\/www.hanzahotel.lv\/lv\/viesnicas-numuri\/vienvietigie-numuri\/","url":"https:\/\/www.hanzahotel.lv\/lv\/viesnicas-numuri\/vienvietigie-numuri\/","name":"Vienviet\u012bgie numuri - Hanza Hotel","isPartOf":{"@id":"https:\/\/www.hanzahotel.lv\/lv\/#website"},"datePublished":"2026-02-23T12:39:54+00:00","dateModified":"2026-03-26T11:09:14+00:00","description":"M\u016bsu vienviet\u012bgie numuri ir rad\u012bti ce\u013cot\u0101jiem, kuri nov\u0113rt\u0113 funkcion\u0101lu un mier\u012bgu vidi. Katr\u0101 numur\u0101 ir plata gulta (140 cm), kas pied\u0101v\u0101 vair\u0101k vietas atp\u016btai nek\u0101 parasti vienviet\u012bgie numuri","breadcrumb":{"@id":"https:\/\/www.hanzahotel.lv\/lv\/viesnicas-numuri\/vienvietigie-numuri\/#breadcrumb"},"inLanguage":"lv-LV","potentialAction":[{"@type":"ReadAction","target":["https:\/\/www.hanzahotel.lv\/lv\/viesnicas-numuri\/vienvietigie-numuri\/"]}]},{"@type":"BreadcrumbList","@id":"https:\/\/www.hanzahotel.lv\/lv\/viesnicas-numuri\/vienvietigie-numuri\/#breadcrumb","itemListElement":[{"@type":"ListItem","position":1,"name":"S\u0101kumlapa","item":"https:\/\/www.hanzahotel.lv\/lv\/"},{"@type":"ListItem","position":2,"name":"Viesn\u012bcas numuri","item":"https:\/\/www.hanzahotel.lv\/lv\/viesnicas-numuri\/"},{"@type":"ListItem","position":3,"name":"Vienviet\u012bgie numuri"}]},{"@type":"WebSite","@id":"https:\/\/www.hanzahotel.lv\/lv\/#website","url":"https:\/\/www.hanzahotel.lv\/lv\/","name":"Hanza Hotel","description":"","potentialAction":[{"@type":"SearchAction","target":{"@type":"EntryPoint","urlTemplate":"https:\/\/www.hanzahotel.lv\/lv\/?s={search_term_string}"},"query-input":{"@type":"PropertyValueSpecification","valueRequired":true,"valueName":"search_term_string"}}],"inLanguage":"lv-LV"}]}},"acf":[],"_links":{"self":[{"href":"https:\/\/www.hanzahotel.lv\/lv\/wp-json\/wp\/v2\/pages\/129","targetHints":{"allow":["GET"]}}],"collection":[{"href":"https:\/\/www.hanzahotel.lv\/lv\/wp-json\/wp\/v2\/pages"}],"about":[{"href":"https:\/\/www.hanzahotel.lv\/lv\/wp-json\/wp\/v2\/types\/page"}],"author":[{"embeddable":true,"href":"https:\/\/www.hanzahotel.lv\/lv\/wp-json\/wp\/v2\/users\/13"}],"replies":[{"embeddable":true,"href":"https:\/\/www.hanzahotel.lv\/lv\/wp-json\/wp\/v2\/comments?post=129"}],"version-history":[{"count":0,"href":"https:\/\/www.hanzahotel.lv\/lv\/wp-json\/wp\/v2\/pages\/129\/revisions"}],"up":[{"embeddable":true,"href":"https:\/\/www.hanzahotel.lv\/lv\/wp-json\/wp\/v2\/pages\/125"}],"wp:attachment":[{"href":"https:\/\/www.hanzahotel.lv\/lv\/wp-json\/wp\/v2\/media?parent=129"}],"curies":[{"name":"wp","href":"https:\/\/api.w.org\/{rel}","templated":true}]}}