{"id":133,"date":"2026-02-23T12:49:04","date_gmt":"2026-02-23T12:49:04","guid":{"rendered":"https:\/\/hanza-hotel.ms3.decms.eu\/viesnicas-numuri\/economy-double-rooms\/"},"modified":"2026-03-26T13:25:28","modified_gmt":"2026-03-26T13:25:28","slug":"ekonomiskie-divvietigie-numuri","status":"publish","type":"page","link":"https:\/\/www.hanzahotel.lv\/lv\/viesnicas-numuri\/ekonomiskie-divvietigie-numuri\/","title":{"rendered":"Ekonomiskie divviet\u012bgie numuri"},"content":{"rendered":"<p style=\"text-align: center;\">M\u016bsu ekonomiskie divviet\u012bgie numuri ir praktiska un bud\u017eetam draudz\u012bga izv\u0113le diviem ce\u013cot\u0101jiem. Numur\u0101 ir 140 cm plata gulta, pied\u0101v\u0101jot m\u0101j\u012bgu izk\u0101rtojumu p\u0101riem vai tuviem draugiem, kuriem svar\u012bga ir pakalpojuma v\u0113rt\u012bba. M\u0113s koncentr\u0113jamies uz pa\u0161u svar\u012bg\u0101ko: t\u012bru, klusu vidi un \u0113rtu vietu atp\u016btai. \u0160\u012b ir vienk\u0101r\u0161a telpa bez liek\u0101m grezn\u012bb\u0101m, kas rad\u012bta tiem, kuri v\u0113las uzticamu un god\u012bgu naktsm\u012btni pils\u0113tas centr\u0101, nemaks\u0101jot par nevajadz\u012bgiem papildu kvadr\u0101tmetriem.<\/p>\n","protected":false},"excerpt":{"rendered":"<p>M\u016bsu ekonomiskie divviet\u012bgie numuri ir praktiska un bud\u017eetam draudz\u012bga izv\u0113le diviem ce\u013cot\u0101jiem. Numur\u0101 ir 140 cm plata gulta, pied\u0101v\u0101jot m\u0101j\u012bgu izk\u0101rtojumu p\u0101riem vai tuviem draugiem, kuriem svar\u012bga ir pakalpojuma v\u0113rt\u012bba. M\u0113s koncentr\u0113jamies uz pa\u0161u svar\u012bg\u0101ko: t\u012bru, klusu vidi un \u0113rtu vietu atp\u016btai. \u0160\u012b ir vienk\u0101r\u0161a telpa bez liek\u0101m grezn\u012bb\u0101m, kas rad\u012bta tiem, kuri v\u0113las uzticamu [&hellip;]<\/p>\n","protected":false},"author":13,"featured_media":0,"parent":125,"menu_order":4,"comment_status":"closed","ping_status":"closed","template":"template-single-room.php","meta":{"footnotes":""},"class_list":["post-133","page","type-page","status-publish","hentry"],"yoast_head":"<!-- This site is optimized with the Yoast SEO plugin v26.9 - https:\/\/yoast.com\/product\/yoast-seo-wordpress\/ -->\n<title>Ekonomiskie divviet\u012bgie numuri - Hanza Hotel<\/title>\n<meta name=\"description\" content=\"M\u016bsu ekonomiskie divviet\u012bgie numuri ir praktiska un bud\u017eetam draudz\u012bga izv\u0113le diviem ce\u013cot\u0101jiem. Numur\u0101 ir 140 cm plata gulta, pied\u0101v\u0101jot m\u0101j\u012bgu izk\u0101rtojumu p\u0101riem vai tuviem draugiem, kuriem svar\u012bga ir pakalpojuma v\u0113rt\u012bba\" \/>\n<meta name=\"robots\" content=\"index, follow, max-snippet:-1, max-image-preview:large, max-video-preview:-1\" \/>\n<link rel=\"canonical\" href=\"https:\/\/www.hanzahotel.lv\/lv\/viesnicas-numuri\/ekonomiskie-divvietigie-numuri\/\" \/>\n<meta property=\"og:locale\" content=\"lv_LV\" \/>\n<meta property=\"og:type\" content=\"article\" \/>\n<meta property=\"og:title\" content=\"Ekonomiskie divviet\u012bgie numuri - Hanza Hotel\" \/>\n<meta property=\"og:description\" content=\"M\u016bsu ekonomiskie divviet\u012bgie numuri ir praktiska un bud\u017eetam draudz\u012bga izv\u0113le diviem ce\u013cot\u0101jiem. Numur\u0101 ir 140 cm plata gulta, pied\u0101v\u0101jot m\u0101j\u012bgu izk\u0101rtojumu p\u0101riem vai tuviem draugiem, kuriem svar\u012bga ir pakalpojuma v\u0113rt\u012bba\" \/>\n<meta property=\"og:url\" content=\"https:\/\/www.hanzahotel.lv\/lv\/viesnicas-numuri\/ekonomiskie-divvietigie-numuri\/\" \/>\n<meta property=\"og:site_name\" content=\"Hanza Hotel\" \/>\n<meta property=\"article:modified_time\" content=\"2026-03-26T13:25:28+00:00\" \/>\n<meta name=\"twitter:card\" content=\"summary_large_image\" \/>\n<meta name=\"twitter:label1\" content=\"Est. reading time\" \/>\n\t<meta name=\"twitter:data1\" content=\"1 minute\" \/>\n<script type=\"application\/ld+json\" class=\"yoast-schema-graph\">{\"@context\":\"https:\/\/schema.org\",\"@graph\":[{\"@type\":\"WebPage\",\"@id\":\"https:\/\/www.hanzahotel.lv\/lv\/viesnicas-numuri\/ekonomiskie-divvietigie-numuri\/\",\"url\":\"https:\/\/www.hanzahotel.lv\/lv\/viesnicas-numuri\/ekonomiskie-divvietigie-numuri\/\",\"name\":\"Ekonomiskie divviet\u012bgie numuri - Hanza Hotel\",\"isPartOf\":{\"@id\":\"https:\/\/www.hanzahotel.lv\/lv\/#website\"},\"datePublished\":\"2026-02-23T12:49:04+00:00\",\"dateModified\":\"2026-03-26T13:25:28+00:00\",\"description\":\"M\u016bsu ekonomiskie divviet\u012bgie numuri ir praktiska un bud\u017eetam draudz\u012bga izv\u0113le diviem ce\u013cot\u0101jiem. Numur\u0101 ir 140 cm plata gulta, pied\u0101v\u0101jot m\u0101j\u012bgu izk\u0101rtojumu p\u0101riem vai tuviem draugiem, kuriem svar\u012bga ir pakalpojuma v\u0113rt\u012bba\",\"breadcrumb\":{\"@id\":\"https:\/\/www.hanzahotel.lv\/lv\/viesnicas-numuri\/ekonomiskie-divvietigie-numuri\/#breadcrumb\"},\"inLanguage\":\"lv-LV\",\"potentialAction\":[{\"@type\":\"ReadAction\",\"target\":[\"https:\/\/www.hanzahotel.lv\/lv\/viesnicas-numuri\/ekonomiskie-divvietigie-numuri\/\"]}]},{\"@type\":\"BreadcrumbList\",\"@id\":\"https:\/\/www.hanzahotel.lv\/lv\/viesnicas-numuri\/ekonomiskie-divvietigie-numuri\/#breadcrumb\",\"itemListElement\":[{\"@type\":\"ListItem\",\"position\":1,\"name\":\"S\u0101kumlapa\",\"item\":\"https:\/\/www.hanzahotel.lv\/lv\/\"},{\"@type\":\"ListItem\",\"position\":2,\"name\":\"Viesn\u012bcas numuri\",\"item\":\"https:\/\/www.hanzahotel.lv\/lv\/viesnicas-numuri\/\"},{\"@type\":\"ListItem\",\"position\":3,\"name\":\"Ekonomiskie divviet\u012bgie numuri\"}]},{\"@type\":\"WebSite\",\"@id\":\"https:\/\/www.hanzahotel.lv\/lv\/#website\",\"url\":\"https:\/\/www.hanzahotel.lv\/lv\/\",\"name\":\"Hanza Hotel\",\"description\":\"\",\"potentialAction\":[{\"@type\":\"SearchAction\",\"target\":{\"@type\":\"EntryPoint\",\"urlTemplate\":\"https:\/\/www.hanzahotel.lv\/lv\/?s={search_term_string}\"},\"query-input\":{\"@type\":\"PropertyValueSpecification\",\"valueRequired\":true,\"valueName\":\"search_term_string\"}}],\"inLanguage\":\"lv-LV\"}]}<\/script>\n<!-- \/ Yoast SEO plugin. -->","yoast_head_json":{"title":"Ekonomiskie divviet\u012bgie numuri - Hanza Hotel","description":"M\u016bsu ekonomiskie divviet\u012bgie numuri ir praktiska un bud\u017eetam draudz\u012bga izv\u0113le diviem ce\u013cot\u0101jiem. Numur\u0101 ir 140 cm plata gulta, pied\u0101v\u0101jot m\u0101j\u012bgu izk\u0101rtojumu p\u0101riem vai tuviem draugiem, kuriem svar\u012bga ir pakalpojuma v\u0113rt\u012bba","robots":{"index":"index","follow":"follow","max-snippet":"max-snippet:-1","max-image-preview":"max-image-preview:large","max-video-preview":"max-video-preview:-1"},"canonical":"https:\/\/www.hanzahotel.lv\/lv\/viesnicas-numuri\/ekonomiskie-divvietigie-numuri\/","og_locale":"lv_LV","og_type":"article","og_title":"Ekonomiskie divviet\u012bgie numuri - Hanza Hotel","og_description":"M\u016bsu ekonomiskie divviet\u012bgie numuri ir praktiska un bud\u017eetam draudz\u012bga izv\u0113le diviem ce\u013cot\u0101jiem. Numur\u0101 ir 140 cm plata gulta, pied\u0101v\u0101jot m\u0101j\u012bgu izk\u0101rtojumu p\u0101riem vai tuviem draugiem, kuriem svar\u012bga ir pakalpojuma v\u0113rt\u012bba","og_url":"https:\/\/www.hanzahotel.lv\/lv\/viesnicas-numuri\/ekonomiskie-divvietigie-numuri\/","og_site_name":"Hanza Hotel","article_modified_time":"2026-03-26T13:25:28+00:00","twitter_card":"summary_large_image","twitter_misc":{"Est. reading time":"1 minute"},"schema":{"@context":"https:\/\/schema.org","@graph":[{"@type":"WebPage","@id":"https:\/\/www.hanzahotel.lv\/lv\/viesnicas-numuri\/ekonomiskie-divvietigie-numuri\/","url":"https:\/\/www.hanzahotel.lv\/lv\/viesnicas-numuri\/ekonomiskie-divvietigie-numuri\/","name":"Ekonomiskie divviet\u012bgie numuri - Hanza Hotel","isPartOf":{"@id":"https:\/\/www.hanzahotel.lv\/lv\/#website"},"datePublished":"2026-02-23T12:49:04+00:00","dateModified":"2026-03-26T13:25:28+00:00","description":"M\u016bsu ekonomiskie divviet\u012bgie numuri ir praktiska un bud\u017eetam draudz\u012bga izv\u0113le diviem ce\u013cot\u0101jiem. Numur\u0101 ir 140 cm plata gulta, pied\u0101v\u0101jot m\u0101j\u012bgu izk\u0101rtojumu p\u0101riem vai tuviem draugiem, kuriem svar\u012bga ir pakalpojuma v\u0113rt\u012bba","breadcrumb":{"@id":"https:\/\/www.hanzahotel.lv\/lv\/viesnicas-numuri\/ekonomiskie-divvietigie-numuri\/#breadcrumb"},"inLanguage":"lv-LV","potentialAction":[{"@type":"ReadAction","target":["https:\/\/www.hanzahotel.lv\/lv\/viesnicas-numuri\/ekonomiskie-divvietigie-numuri\/"]}]},{"@type":"BreadcrumbList","@id":"https:\/\/www.hanzahotel.lv\/lv\/viesnicas-numuri\/ekonomiskie-divvietigie-numuri\/#breadcrumb","itemListElement":[{"@type":"ListItem","position":1,"name":"S\u0101kumlapa","item":"https:\/\/www.hanzahotel.lv\/lv\/"},{"@type":"ListItem","position":2,"name":"Viesn\u012bcas numuri","item":"https:\/\/www.hanzahotel.lv\/lv\/viesnicas-numuri\/"},{"@type":"ListItem","position":3,"name":"Ekonomiskie divviet\u012bgie numuri"}]},{"@type":"WebSite","@id":"https:\/\/www.hanzahotel.lv\/lv\/#website","url":"https:\/\/www.hanzahotel.lv\/lv\/","name":"Hanza Hotel","description":"","potentialAction":[{"@type":"SearchAction","target":{"@type":"EntryPoint","urlTemplate":"https:\/\/www.hanzahotel.lv\/lv\/?s={search_term_string}"},"query-input":{"@type":"PropertyValueSpecification","valueRequired":true,"valueName":"search_term_string"}}],"inLanguage":"lv-LV"}]}},"acf":[],"_links":{"self":[{"href":"https:\/\/www.hanzahotel.lv\/lv\/wp-json\/wp\/v2\/pages\/133","targetHints":{"allow":["GET"]}}],"collection":[{"href":"https:\/\/www.hanzahotel.lv\/lv\/wp-json\/wp\/v2\/pages"}],"about":[{"href":"https:\/\/www.hanzahotel.lv\/lv\/wp-json\/wp\/v2\/types\/page"}],"author":[{"embeddable":true,"href":"https:\/\/www.hanzahotel.lv\/lv\/wp-json\/wp\/v2\/users\/13"}],"replies":[{"embeddable":true,"href":"https:\/\/www.hanzahotel.lv\/lv\/wp-json\/wp\/v2\/comments?post=133"}],"version-history":[{"count":0,"href":"https:\/\/www.hanzahotel.lv\/lv\/wp-json\/wp\/v2\/pages\/133\/revisions"}],"up":[{"embeddable":true,"href":"https:\/\/www.hanzahotel.lv\/lv\/wp-json\/wp\/v2\/pages\/125"}],"wp:attachment":[{"href":"https:\/\/www.hanzahotel.lv\/lv\/wp-json\/wp\/v2\/media?parent=133"}],"curies":[{"name":"wp","href":"https:\/\/api.w.org\/{rel}","templated":true}]}}