{"id":137,"date":"2026-02-23T13:06:25","date_gmt":"2026-02-23T13:06:25","guid":{"rendered":"https:\/\/hanza-hotel.ms3.decms.eu\/hanza-pub-dining\/"},"modified":"2026-03-25T16:07:39","modified_gmt":"2026-03-25T16:07:39","slug":"hanza-pub","status":"publish","type":"page","link":"https:\/\/www.hanzahotel.lv\/lv\/hanza-pub\/","title":{"rendered":"HANZA Pub"},"content":{"rendered":"<p style=\"text-align: center;\">HANZA Pub ir m\u0101j\u012bga vieta, kas atrodas \u0113kas pagrabst\u0101v\u0101. T\u0101 senie \u0137ie\u0123e\u013cu m\u016bri un silt\u0101 atmosf\u0113ra rada \u012bpa\u0161u viesm\u012bl\u012bbas saj\u016btu. Katru r\u012btu \u0161eit tiek pasniegtas brokastis, ta\u010du telpas ir lieliski piem\u0113rotas ar\u012b grup\u0101m, konferenc\u0113m vai banketiem. Vakaros varat iegriezties pie mums, lai baud\u012btu dz\u0113rienus un vieglas uzkodas nepiespiest\u0101 un draudz\u012bg\u0101 vid\u0113. Neatkar\u012bgi no t\u0101, vai s\u0101kat dienu ar s\u0101t\u012bgu malt\u012bti vai atp\u016b\u0161aties p\u0113c pils\u0113tas apskates, HANZA Pub ir \u0113rta un pat\u012bkama vieta, kur san\u0101kt kop\u0101.<\/p>\n","protected":false},"excerpt":{"rendered":"<p>HANZA Pub ir m\u0101j\u012bga vieta, kas atrodas \u0113kas pagrabst\u0101v\u0101. T\u0101 senie \u0137ie\u0123e\u013cu m\u016bri un silt\u0101 atmosf\u0113ra rada \u012bpa\u0161u viesm\u012bl\u012bbas saj\u016btu. Katru r\u012btu \u0161eit tiek pasniegtas brokastis, ta\u010du telpas ir lieliski piem\u0113rotas ar\u012b grup\u0101m, konferenc\u0113m vai banketiem. Vakaros varat iegriezties pie mums, lai baud\u012btu dz\u0113rienus un vieglas uzkodas nepiespiest\u0101 un draudz\u012bg\u0101 vid\u0113. Neatkar\u012bgi no t\u0101, vai [&hellip;]<\/p>\n","protected":false},"author":13,"featured_media":0,"parent":0,"menu_order":2,"comment_status":"closed","ping_status":"closed","template":"template-restaurants.php","meta":{"footnotes":""},"class_list":["post-137","page","type-page","status-publish","hentry"],"yoast_head":"<!-- This site is optimized with the Yoast SEO plugin v26.9 - https:\/\/yoast.com\/product\/yoast-seo-wordpress\/ -->\n<title>HANZA Pub - Hanza Hotel<\/title>\n<meta name=\"description\" content=\"HANZA Pub ir m\u0101j\u012bga vieta, kas atrodas \u0113kas pagrabst\u0101v\u0101. T\u0101 senie \u0137ie\u0123e\u013cu m\u016bri un silt\u0101 atmosf\u0113ra rada \u012bpa\u0161u viesm\u012bl\u012bbas saj\u016btu\" \/>\n<meta name=\"robots\" content=\"index, follow, max-snippet:-1, max-image-preview:large, max-video-preview:-1\" \/>\n<link rel=\"canonical\" href=\"https:\/\/www.hanzahotel.lv\/lv\/hanza-pub\/\" \/>\n<meta property=\"og:locale\" content=\"lv_LV\" \/>\n<meta property=\"og:type\" content=\"article\" \/>\n<meta property=\"og:title\" content=\"HANZA Pub - Hanza Hotel\" \/>\n<meta property=\"og:description\" content=\"HANZA Pub ir m\u0101j\u012bga vieta, kas atrodas \u0113kas pagrabst\u0101v\u0101. T\u0101 senie \u0137ie\u0123e\u013cu m\u016bri un silt\u0101 atmosf\u0113ra rada \u012bpa\u0161u viesm\u012bl\u012bbas saj\u016btu\" \/>\n<meta property=\"og:url\" content=\"https:\/\/www.hanzahotel.lv\/lv\/hanza-pub\/\" \/>\n<meta property=\"og:site_name\" content=\"Hanza Hotel\" \/>\n<meta property=\"article:modified_time\" content=\"2026-03-25T16:07:39+00:00\" \/>\n<meta name=\"twitter:card\" content=\"summary_large_image\" \/>\n<meta name=\"twitter:label1\" content=\"Est. reading time\" \/>\n\t<meta name=\"twitter:data1\" content=\"1 minute\" \/>\n<script type=\"application\/ld+json\" class=\"yoast-schema-graph\">{\"@context\":\"https:\/\/schema.org\",\"@graph\":[{\"@type\":\"WebPage\",\"@id\":\"https:\/\/www.hanzahotel.lv\/lv\/hanza-pub\/\",\"url\":\"https:\/\/www.hanzahotel.lv\/lv\/hanza-pub\/\",\"name\":\"HANZA Pub - Hanza Hotel\",\"isPartOf\":{\"@id\":\"https:\/\/www.hanzahotel.lv\/lv\/#website\"},\"datePublished\":\"2026-02-23T13:06:25+00:00\",\"dateModified\":\"2026-03-25T16:07:39+00:00\",\"description\":\"HANZA Pub ir m\u0101j\u012bga vieta, kas atrodas \u0113kas pagrabst\u0101v\u0101. T\u0101 senie \u0137ie\u0123e\u013cu m\u016bri un silt\u0101 atmosf\u0113ra rada \u012bpa\u0161u viesm\u012bl\u012bbas saj\u016btu\",\"breadcrumb\":{\"@id\":\"https:\/\/www.hanzahotel.lv\/lv\/hanza-pub\/#breadcrumb\"},\"inLanguage\":\"lv-LV\",\"potentialAction\":[{\"@type\":\"ReadAction\",\"target\":[\"https:\/\/www.hanzahotel.lv\/lv\/hanza-pub\/\"]}]},{\"@type\":\"BreadcrumbList\",\"@id\":\"https:\/\/www.hanzahotel.lv\/lv\/hanza-pub\/#breadcrumb\",\"itemListElement\":[{\"@type\":\"ListItem\",\"position\":1,\"name\":\"S\u0101kumlapa\",\"item\":\"https:\/\/www.hanzahotel.lv\/lv\/\"},{\"@type\":\"ListItem\",\"position\":2,\"name\":\"HANZA Pub\"}]},{\"@type\":\"WebSite\",\"@id\":\"https:\/\/www.hanzahotel.lv\/lv\/#website\",\"url\":\"https:\/\/www.hanzahotel.lv\/lv\/\",\"name\":\"Hanza Hotel\",\"description\":\"\",\"potentialAction\":[{\"@type\":\"SearchAction\",\"target\":{\"@type\":\"EntryPoint\",\"urlTemplate\":\"https:\/\/www.hanzahotel.lv\/lv\/?s={search_term_string}\"},\"query-input\":{\"@type\":\"PropertyValueSpecification\",\"valueRequired\":true,\"valueName\":\"search_term_string\"}}],\"inLanguage\":\"lv-LV\"}]}<\/script>\n<!-- \/ Yoast SEO plugin. -->","yoast_head_json":{"title":"HANZA Pub - Hanza Hotel","description":"HANZA Pub ir m\u0101j\u012bga vieta, kas atrodas \u0113kas pagrabst\u0101v\u0101. T\u0101 senie \u0137ie\u0123e\u013cu m\u016bri un silt\u0101 atmosf\u0113ra rada \u012bpa\u0161u viesm\u012bl\u012bbas saj\u016btu","robots":{"index":"index","follow":"follow","max-snippet":"max-snippet:-1","max-image-preview":"max-image-preview:large","max-video-preview":"max-video-preview:-1"},"canonical":"https:\/\/www.hanzahotel.lv\/lv\/hanza-pub\/","og_locale":"lv_LV","og_type":"article","og_title":"HANZA Pub - Hanza Hotel","og_description":"HANZA Pub ir m\u0101j\u012bga vieta, kas atrodas \u0113kas pagrabst\u0101v\u0101. T\u0101 senie \u0137ie\u0123e\u013cu m\u016bri un silt\u0101 atmosf\u0113ra rada \u012bpa\u0161u viesm\u012bl\u012bbas saj\u016btu","og_url":"https:\/\/www.hanzahotel.lv\/lv\/hanza-pub\/","og_site_name":"Hanza Hotel","article_modified_time":"2026-03-25T16:07:39+00:00","twitter_card":"summary_large_image","twitter_misc":{"Est. reading time":"1 minute"},"schema":{"@context":"https:\/\/schema.org","@graph":[{"@type":"WebPage","@id":"https:\/\/www.hanzahotel.lv\/lv\/hanza-pub\/","url":"https:\/\/www.hanzahotel.lv\/lv\/hanza-pub\/","name":"HANZA Pub - Hanza Hotel","isPartOf":{"@id":"https:\/\/www.hanzahotel.lv\/lv\/#website"},"datePublished":"2026-02-23T13:06:25+00:00","dateModified":"2026-03-25T16:07:39+00:00","description":"HANZA Pub ir m\u0101j\u012bga vieta, kas atrodas \u0113kas pagrabst\u0101v\u0101. T\u0101 senie \u0137ie\u0123e\u013cu m\u016bri un silt\u0101 atmosf\u0113ra rada \u012bpa\u0161u viesm\u012bl\u012bbas saj\u016btu","breadcrumb":{"@id":"https:\/\/www.hanzahotel.lv\/lv\/hanza-pub\/#breadcrumb"},"inLanguage":"lv-LV","potentialAction":[{"@type":"ReadAction","target":["https:\/\/www.hanzahotel.lv\/lv\/hanza-pub\/"]}]},{"@type":"BreadcrumbList","@id":"https:\/\/www.hanzahotel.lv\/lv\/hanza-pub\/#breadcrumb","itemListElement":[{"@type":"ListItem","position":1,"name":"S\u0101kumlapa","item":"https:\/\/www.hanzahotel.lv\/lv\/"},{"@type":"ListItem","position":2,"name":"HANZA Pub"}]},{"@type":"WebSite","@id":"https:\/\/www.hanzahotel.lv\/lv\/#website","url":"https:\/\/www.hanzahotel.lv\/lv\/","name":"Hanza Hotel","description":"","potentialAction":[{"@type":"SearchAction","target":{"@type":"EntryPoint","urlTemplate":"https:\/\/www.hanzahotel.lv\/lv\/?s={search_term_string}"},"query-input":{"@type":"PropertyValueSpecification","valueRequired":true,"valueName":"search_term_string"}}],"inLanguage":"lv-LV"}]}},"acf":[],"_links":{"self":[{"href":"https:\/\/www.hanzahotel.lv\/lv\/wp-json\/wp\/v2\/pages\/137","targetHints":{"allow":["GET"]}}],"collection":[{"href":"https:\/\/www.hanzahotel.lv\/lv\/wp-json\/wp\/v2\/pages"}],"about":[{"href":"https:\/\/www.hanzahotel.lv\/lv\/wp-json\/wp\/v2\/types\/page"}],"author":[{"embeddable":true,"href":"https:\/\/www.hanzahotel.lv\/lv\/wp-json\/wp\/v2\/users\/13"}],"replies":[{"embeddable":true,"href":"https:\/\/www.hanzahotel.lv\/lv\/wp-json\/wp\/v2\/comments?post=137"}],"version-history":[{"count":0,"href":"https:\/\/www.hanzahotel.lv\/lv\/wp-json\/wp\/v2\/pages\/137\/revisions"}],"wp:attachment":[{"href":"https:\/\/www.hanzahotel.lv\/lv\/wp-json\/wp\/v2\/media?parent=137"}],"curies":[{"name":"wp","href":"https:\/\/api.w.org\/{rel}","templated":true}]}}