{"id":139,"date":"2026-02-23T13:08:05","date_gmt":"2026-02-23T13:08:05","guid":{"rendered":"https:\/\/hanza-hotel.ms3.decms.eu\/spa-at-hanza\/"},"modified":"2026-03-25T16:11:46","modified_gmt":"2026-03-25T16:11:46","slug":"spa-atputa-viesnica-hanza","status":"publish","type":"page","link":"https:\/\/www.hanzahotel.lv\/lv\/spa-atputa-viesnica-hanza\/","title":{"rendered":"SPA atp\u016bta viesn\u012bc\u0101 HANZA"},"content":{"rendered":"<p style=\"text-align: center;\">Ien\u0101ciet klus\u0101 un person\u012bg\u0101 telp\u0101, kas rad\u012bta piln\u012bgai relaks\u0101cijai. HANZA Hotel SPA ir maza un m\u0101j\u012bga labsaj\u016btas zona ar saunu, tvaika pirti (hammam), du\u0161\u0101m un mier\u012bga apgaismojuma atp\u016btas telpu. Rezerv\u0113jot SPA apmekl\u0113jumu, visa zona tiek atv\u0113l\u0113ta tikai jums un j\u016bsu l\u012bdzbrauc\u0113jiem \u2013 l\u012bdz \u010detr\u0101m person\u0101m vienlaic\u012bgi \u2013 radot patiesi priv\u0101tu atmosf\u0113ru. T\u0101 ir ide\u0101la vieta, kur atg\u016bt sp\u0113kus p\u0113c gara ce\u013cojuma vai pies\u0101tin\u0101tas dienas R\u012bg\u0101.<\/p>\n","protected":false},"excerpt":{"rendered":"<p>Ien\u0101ciet klus\u0101 un person\u012bg\u0101 telp\u0101, kas rad\u012bta piln\u012bgai relaks\u0101cijai. HANZA Hotel SPA ir maza un m\u0101j\u012bga labsaj\u016btas zona ar saunu, tvaika pirti (hammam), du\u0161\u0101m un mier\u012bga apgaismojuma atp\u016btas telpu. Rezerv\u0113jot SPA apmekl\u0113jumu, visa zona tiek atv\u0113l\u0113ta tikai jums un j\u016bsu l\u012bdzbrauc\u0113jiem \u2013 l\u012bdz \u010detr\u0101m person\u0101m vienlaic\u012bgi \u2013 radot patiesi priv\u0101tu atmosf\u0113ru. T\u0101 ir ide\u0101la vieta, [&hellip;]<\/p>\n","protected":false},"author":13,"featured_media":0,"parent":0,"menu_order":4,"comment_status":"closed","ping_status":"closed","template":"template-spa.php","meta":{"footnotes":""},"class_list":["post-139","page","type-page","status-publish","hentry"],"yoast_head":"<!-- This site is optimized with the Yoast SEO plugin v26.9 - https:\/\/yoast.com\/product\/yoast-seo-wordpress\/ -->\n<title>SPA atp\u016bta viesn\u012bc\u0101 HANZA - Hanza Hotel<\/title>\n<meta name=\"description\" content=\"Ien\u0101ciet klus\u0101 un person\u012bg\u0101 telp\u0101, kas rad\u012bta piln\u012bgai relaks\u0101cijai. HANZA Hotel SPA ir maza un m\u0101j\u012bga labsaj\u016btas zona ar saunu, tvaika pirti (hammam), du\u0161\u0101m un mier\u012bga apgaismojuma atp\u016btas telpu\" \/>\n<meta name=\"robots\" content=\"index, follow, max-snippet:-1, max-image-preview:large, max-video-preview:-1\" \/>\n<link rel=\"canonical\" href=\"https:\/\/www.hanzahotel.lv\/lv\/spa-atputa-viesnica-hanza\/\" \/>\n<meta property=\"og:locale\" content=\"lv_LV\" \/>\n<meta property=\"og:type\" content=\"article\" \/>\n<meta property=\"og:title\" content=\"SPA atp\u016bta viesn\u012bc\u0101 HANZA - Hanza Hotel\" \/>\n<meta property=\"og:description\" content=\"Ien\u0101ciet klus\u0101 un person\u012bg\u0101 telp\u0101, kas rad\u012bta piln\u012bgai relaks\u0101cijai. HANZA Hotel SPA ir maza un m\u0101j\u012bga labsaj\u016btas zona ar saunu, tvaika pirti (hammam), du\u0161\u0101m un mier\u012bga apgaismojuma atp\u016btas telpu\" \/>\n<meta property=\"og:url\" content=\"https:\/\/www.hanzahotel.lv\/lv\/spa-atputa-viesnica-hanza\/\" \/>\n<meta property=\"og:site_name\" content=\"Hanza Hotel\" \/>\n<meta property=\"article:modified_time\" content=\"2026-03-25T16:11:46+00:00\" \/>\n<meta name=\"twitter:card\" content=\"summary_large_image\" \/>\n<meta name=\"twitter:label1\" content=\"Est. reading time\" \/>\n\t<meta name=\"twitter:data1\" content=\"1 minute\" \/>\n<script type=\"application\/ld+json\" class=\"yoast-schema-graph\">{\"@context\":\"https:\/\/schema.org\",\"@graph\":[{\"@type\":\"WebPage\",\"@id\":\"https:\/\/www.hanzahotel.lv\/lv\/spa-atputa-viesnica-hanza\/\",\"url\":\"https:\/\/www.hanzahotel.lv\/lv\/spa-atputa-viesnica-hanza\/\",\"name\":\"SPA atp\u016bta viesn\u012bc\u0101 HANZA - Hanza Hotel\",\"isPartOf\":{\"@id\":\"https:\/\/www.hanzahotel.lv\/lv\/#website\"},\"datePublished\":\"2026-02-23T13:08:05+00:00\",\"dateModified\":\"2026-03-25T16:11:46+00:00\",\"description\":\"Ien\u0101ciet klus\u0101 un person\u012bg\u0101 telp\u0101, kas rad\u012bta piln\u012bgai relaks\u0101cijai. HANZA Hotel SPA ir maza un m\u0101j\u012bga labsaj\u016btas zona ar saunu, tvaika pirti (hammam), du\u0161\u0101m un mier\u012bga apgaismojuma atp\u016btas telpu\",\"breadcrumb\":{\"@id\":\"https:\/\/www.hanzahotel.lv\/lv\/spa-atputa-viesnica-hanza\/#breadcrumb\"},\"inLanguage\":\"lv-LV\",\"potentialAction\":[{\"@type\":\"ReadAction\",\"target\":[\"https:\/\/www.hanzahotel.lv\/lv\/spa-atputa-viesnica-hanza\/\"]}]},{\"@type\":\"BreadcrumbList\",\"@id\":\"https:\/\/www.hanzahotel.lv\/lv\/spa-atputa-viesnica-hanza\/#breadcrumb\",\"itemListElement\":[{\"@type\":\"ListItem\",\"position\":1,\"name\":\"S\u0101kumlapa\",\"item\":\"https:\/\/www.hanzahotel.lv\/lv\/\"},{\"@type\":\"ListItem\",\"position\":2,\"name\":\"SPA atp\u016bta viesn\u012bc\u0101 HANZA\"}]},{\"@type\":\"WebSite\",\"@id\":\"https:\/\/www.hanzahotel.lv\/lv\/#website\",\"url\":\"https:\/\/www.hanzahotel.lv\/lv\/\",\"name\":\"Hanza Hotel\",\"description\":\"\",\"potentialAction\":[{\"@type\":\"SearchAction\",\"target\":{\"@type\":\"EntryPoint\",\"urlTemplate\":\"https:\/\/www.hanzahotel.lv\/lv\/?s={search_term_string}\"},\"query-input\":{\"@type\":\"PropertyValueSpecification\",\"valueRequired\":true,\"valueName\":\"search_term_string\"}}],\"inLanguage\":\"lv-LV\"}]}<\/script>\n<!-- \/ Yoast SEO plugin. -->","yoast_head_json":{"title":"SPA atp\u016bta viesn\u012bc\u0101 HANZA - Hanza Hotel","description":"Ien\u0101ciet klus\u0101 un person\u012bg\u0101 telp\u0101, kas rad\u012bta piln\u012bgai relaks\u0101cijai. HANZA Hotel SPA ir maza un m\u0101j\u012bga labsaj\u016btas zona ar saunu, tvaika pirti (hammam), du\u0161\u0101m un mier\u012bga apgaismojuma atp\u016btas telpu","robots":{"index":"index","follow":"follow","max-snippet":"max-snippet:-1","max-image-preview":"max-image-preview:large","max-video-preview":"max-video-preview:-1"},"canonical":"https:\/\/www.hanzahotel.lv\/lv\/spa-atputa-viesnica-hanza\/","og_locale":"lv_LV","og_type":"article","og_title":"SPA atp\u016bta viesn\u012bc\u0101 HANZA - Hanza Hotel","og_description":"Ien\u0101ciet klus\u0101 un person\u012bg\u0101 telp\u0101, kas rad\u012bta piln\u012bgai relaks\u0101cijai. HANZA Hotel SPA ir maza un m\u0101j\u012bga labsaj\u016btas zona ar saunu, tvaika pirti (hammam), du\u0161\u0101m un mier\u012bga apgaismojuma atp\u016btas telpu","og_url":"https:\/\/www.hanzahotel.lv\/lv\/spa-atputa-viesnica-hanza\/","og_site_name":"Hanza Hotel","article_modified_time":"2026-03-25T16:11:46+00:00","twitter_card":"summary_large_image","twitter_misc":{"Est. reading time":"1 minute"},"schema":{"@context":"https:\/\/schema.org","@graph":[{"@type":"WebPage","@id":"https:\/\/www.hanzahotel.lv\/lv\/spa-atputa-viesnica-hanza\/","url":"https:\/\/www.hanzahotel.lv\/lv\/spa-atputa-viesnica-hanza\/","name":"SPA atp\u016bta viesn\u012bc\u0101 HANZA - Hanza Hotel","isPartOf":{"@id":"https:\/\/www.hanzahotel.lv\/lv\/#website"},"datePublished":"2026-02-23T13:08:05+00:00","dateModified":"2026-03-25T16:11:46+00:00","description":"Ien\u0101ciet klus\u0101 un person\u012bg\u0101 telp\u0101, kas rad\u012bta piln\u012bgai relaks\u0101cijai. HANZA Hotel SPA ir maza un m\u0101j\u012bga labsaj\u016btas zona ar saunu, tvaika pirti (hammam), du\u0161\u0101m un mier\u012bga apgaismojuma atp\u016btas telpu","breadcrumb":{"@id":"https:\/\/www.hanzahotel.lv\/lv\/spa-atputa-viesnica-hanza\/#breadcrumb"},"inLanguage":"lv-LV","potentialAction":[{"@type":"ReadAction","target":["https:\/\/www.hanzahotel.lv\/lv\/spa-atputa-viesnica-hanza\/"]}]},{"@type":"BreadcrumbList","@id":"https:\/\/www.hanzahotel.lv\/lv\/spa-atputa-viesnica-hanza\/#breadcrumb","itemListElement":[{"@type":"ListItem","position":1,"name":"S\u0101kumlapa","item":"https:\/\/www.hanzahotel.lv\/lv\/"},{"@type":"ListItem","position":2,"name":"SPA atp\u016bta viesn\u012bc\u0101 HANZA"}]},{"@type":"WebSite","@id":"https:\/\/www.hanzahotel.lv\/lv\/#website","url":"https:\/\/www.hanzahotel.lv\/lv\/","name":"Hanza Hotel","description":"","potentialAction":[{"@type":"SearchAction","target":{"@type":"EntryPoint","urlTemplate":"https:\/\/www.hanzahotel.lv\/lv\/?s={search_term_string}"},"query-input":{"@type":"PropertyValueSpecification","valueRequired":true,"valueName":"search_term_string"}}],"inLanguage":"lv-LV"}]}},"acf":[],"_links":{"self":[{"href":"https:\/\/www.hanzahotel.lv\/lv\/wp-json\/wp\/v2\/pages\/139","targetHints":{"allow":["GET"]}}],"collection":[{"href":"https:\/\/www.hanzahotel.lv\/lv\/wp-json\/wp\/v2\/pages"}],"about":[{"href":"https:\/\/www.hanzahotel.lv\/lv\/wp-json\/wp\/v2\/types\/page"}],"author":[{"embeddable":true,"href":"https:\/\/www.hanzahotel.lv\/lv\/wp-json\/wp\/v2\/users\/13"}],"replies":[{"embeddable":true,"href":"https:\/\/www.hanzahotel.lv\/lv\/wp-json\/wp\/v2\/comments?post=139"}],"version-history":[{"count":0,"href":"https:\/\/www.hanzahotel.lv\/lv\/wp-json\/wp\/v2\/pages\/139\/revisions"}],"wp:attachment":[{"href":"https:\/\/www.hanzahotel.lv\/lv\/wp-json\/wp\/v2\/media?parent=139"}],"curies":[{"name":"wp","href":"https:\/\/api.w.org\/{rel}","templated":true}]}}