{"id":142,"date":"2026-02-23T13:08:47","date_gmt":"2026-02-23T13:08:47","guid":{"rendered":"https:\/\/hanza-hotel.ms3.decms.eu\/meetings-private-events\/"},"modified":"2026-03-26T13:49:04","modified_gmt":"2026-03-26T13:49:04","slug":"sanaksmes-un-privatie-pasakumi","status":"publish","type":"page","link":"https:\/\/www.hanzahotel.lv\/lv\/sanaksmes-un-privatie-pasakumi\/","title":{"rendered":"San\u0101ksmes un priv\u0101tie pas\u0101kumi"},"content":{"rendered":"<p style=\"text-align: center;\">M\u016bsu konferen\u010du z\u0101le pied\u0101v\u0101 m\u0101j\u012bgu un viesm\u012bl\u012bgu vidi darba san\u0101ksm\u0113m, prezent\u0101cij\u0101m, apm\u0101c\u012bb\u0101m, k\u0101 ar\u012b banketiem un priv\u0101t\u0101m svin\u012bb\u0101m. Telpa ir piepild\u012bta ar dabisko dienas gaismu un apr\u012bkota ar projektoru, ekr\u0101nu, t\u0101fel\u0113m un visu nepiecie\u0161amo tehnisko nodro\u0161in\u0101jumu produkt\u012bvam darbam. Kafijas pauz\u0113m, pusdien\u0101m vai vakari\u0146\u0101m ir pieejama papildu telpa, un m\u0113s pied\u0101v\u0101jam ar\u012b \u0113din\u0101\u0161anas pakalpojumus, kas piel\u0101goti j\u016bsu v\u0113lm\u0113m. M\u016bsu m\u0113r\u0137is ir nodro\u0161in\u0101t mier\u012bgu un pat\u012bkamu gaisotni jums un j\u016bsu viesiem.<\/p>\n","protected":false},"excerpt":{"rendered":"<p>M\u016bsu konferen\u010du z\u0101le pied\u0101v\u0101 m\u0101j\u012bgu un viesm\u012bl\u012bgu vidi darba san\u0101ksm\u0113m, prezent\u0101cij\u0101m, apm\u0101c\u012bb\u0101m, k\u0101 ar\u012b banketiem un priv\u0101t\u0101m svin\u012bb\u0101m. Telpa ir piepild\u012bta ar dabisko dienas gaismu un apr\u012bkota ar projektoru, ekr\u0101nu, t\u0101fel\u0113m un visu nepiecie\u0161amo tehnisko nodro\u0161in\u0101jumu produkt\u012bvam darbam. Kafijas pauz\u0113m, pusdien\u0101m vai vakari\u0146\u0101m ir pieejama papildu telpa, un m\u0113s pied\u0101v\u0101jam ar\u012b \u0113din\u0101\u0161anas pakalpojumus, kas piel\u0101goti [&hellip;]<\/p>\n","protected":false},"author":13,"featured_media":0,"parent":0,"menu_order":3,"comment_status":"closed","ping_status":"closed","template":"template-meeting.php","meta":{"footnotes":""},"class_list":["post-142","page","type-page","status-publish","hentry"],"yoast_head":"<!-- This site is optimized with the Yoast SEO plugin v26.9 - https:\/\/yoast.com\/product\/yoast-seo-wordpress\/ -->\n<title>San\u0101ksmes un priv\u0101tie pas\u0101kumi - Hanza Hotel<\/title>\n<meta name=\"description\" content=\"M\u016bsu konferen\u010du z\u0101le pied\u0101v\u0101 m\u0101j\u012bgu un viesm\u012bl\u012bgu vidi darba san\u0101ksm\u0113m, prezent\u0101cij\u0101m, apm\u0101c\u012bb\u0101m, k\u0101 ar\u012b banketiem un priv\u0101t\u0101m svin\u012bb\u0101m. Telpa ir piepild\u012bta ar dabisko dienas gaismu un apr\u012bkota ar projektoru, ekr\u0101nu, t\u0101fel\u0113m un visu nepiecie\u0161amo tehnisko nodro\u0161in\u0101jumu produkt\u012bvam darbam\" \/>\n<meta name=\"robots\" content=\"index, follow, max-snippet:-1, max-image-preview:large, max-video-preview:-1\" \/>\n<link rel=\"canonical\" href=\"https:\/\/www.hanzahotel.lv\/lv\/sanaksmes-un-privatie-pasakumi\/\" \/>\n<meta property=\"og:locale\" content=\"lv_LV\" \/>\n<meta property=\"og:type\" content=\"article\" \/>\n<meta property=\"og:title\" content=\"San\u0101ksmes un priv\u0101tie pas\u0101kumi - Hanza Hotel\" \/>\n<meta property=\"og:description\" content=\"M\u016bsu konferen\u010du z\u0101le pied\u0101v\u0101 m\u0101j\u012bgu un viesm\u012bl\u012bgu vidi darba san\u0101ksm\u0113m, prezent\u0101cij\u0101m, apm\u0101c\u012bb\u0101m, k\u0101 ar\u012b banketiem un priv\u0101t\u0101m svin\u012bb\u0101m. Telpa ir piepild\u012bta ar dabisko dienas gaismu un apr\u012bkota ar projektoru, ekr\u0101nu, t\u0101fel\u0113m un visu nepiecie\u0161amo tehnisko nodro\u0161in\u0101jumu produkt\u012bvam darbam\" \/>\n<meta property=\"og:url\" content=\"https:\/\/www.hanzahotel.lv\/lv\/sanaksmes-un-privatie-pasakumi\/\" \/>\n<meta property=\"og:site_name\" content=\"Hanza Hotel\" \/>\n<meta property=\"article:modified_time\" content=\"2026-03-26T13:49:04+00:00\" \/>\n<meta name=\"twitter:card\" content=\"summary_large_image\" \/>\n<meta name=\"twitter:label1\" content=\"Est. reading time\" \/>\n\t<meta name=\"twitter:data1\" content=\"1 minute\" \/>\n<script type=\"application\/ld+json\" class=\"yoast-schema-graph\">{\"@context\":\"https:\/\/schema.org\",\"@graph\":[{\"@type\":\"WebPage\",\"@id\":\"https:\/\/www.hanzahotel.lv\/lv\/sanaksmes-un-privatie-pasakumi\/\",\"url\":\"https:\/\/www.hanzahotel.lv\/lv\/sanaksmes-un-privatie-pasakumi\/\",\"name\":\"San\u0101ksmes un priv\u0101tie pas\u0101kumi - Hanza Hotel\",\"isPartOf\":{\"@id\":\"https:\/\/www.hanzahotel.lv\/lv\/#website\"},\"datePublished\":\"2026-02-23T13:08:47+00:00\",\"dateModified\":\"2026-03-26T13:49:04+00:00\",\"description\":\"M\u016bsu konferen\u010du z\u0101le pied\u0101v\u0101 m\u0101j\u012bgu un viesm\u012bl\u012bgu vidi darba san\u0101ksm\u0113m, prezent\u0101cij\u0101m, apm\u0101c\u012bb\u0101m, k\u0101 ar\u012b banketiem un priv\u0101t\u0101m svin\u012bb\u0101m. Telpa ir piepild\u012bta ar dabisko dienas gaismu un apr\u012bkota ar projektoru, ekr\u0101nu, t\u0101fel\u0113m un visu nepiecie\u0161amo tehnisko nodro\u0161in\u0101jumu produkt\u012bvam darbam\",\"breadcrumb\":{\"@id\":\"https:\/\/www.hanzahotel.lv\/lv\/sanaksmes-un-privatie-pasakumi\/#breadcrumb\"},\"inLanguage\":\"lv-LV\",\"potentialAction\":[{\"@type\":\"ReadAction\",\"target\":[\"https:\/\/www.hanzahotel.lv\/lv\/sanaksmes-un-privatie-pasakumi\/\"]}]},{\"@type\":\"BreadcrumbList\",\"@id\":\"https:\/\/www.hanzahotel.lv\/lv\/sanaksmes-un-privatie-pasakumi\/#breadcrumb\",\"itemListElement\":[{\"@type\":\"ListItem\",\"position\":1,\"name\":\"S\u0101kumlapa\",\"item\":\"https:\/\/www.hanzahotel.lv\/lv\/\"},{\"@type\":\"ListItem\",\"position\":2,\"name\":\"San\u0101ksmes un priv\u0101tie pas\u0101kumi\"}]},{\"@type\":\"WebSite\",\"@id\":\"https:\/\/www.hanzahotel.lv\/lv\/#website\",\"url\":\"https:\/\/www.hanzahotel.lv\/lv\/\",\"name\":\"Hanza Hotel\",\"description\":\"\",\"potentialAction\":[{\"@type\":\"SearchAction\",\"target\":{\"@type\":\"EntryPoint\",\"urlTemplate\":\"https:\/\/www.hanzahotel.lv\/lv\/?s={search_term_string}\"},\"query-input\":{\"@type\":\"PropertyValueSpecification\",\"valueRequired\":true,\"valueName\":\"search_term_string\"}}],\"inLanguage\":\"lv-LV\"}]}<\/script>\n<!-- \/ Yoast SEO plugin. -->","yoast_head_json":{"title":"San\u0101ksmes un priv\u0101tie pas\u0101kumi - Hanza Hotel","description":"M\u016bsu konferen\u010du z\u0101le pied\u0101v\u0101 m\u0101j\u012bgu un viesm\u012bl\u012bgu vidi darba san\u0101ksm\u0113m, prezent\u0101cij\u0101m, apm\u0101c\u012bb\u0101m, k\u0101 ar\u012b banketiem un priv\u0101t\u0101m svin\u012bb\u0101m. Telpa ir piepild\u012bta ar dabisko dienas gaismu un apr\u012bkota ar projektoru, ekr\u0101nu, t\u0101fel\u0113m un visu nepiecie\u0161amo tehnisko nodro\u0161in\u0101jumu produkt\u012bvam darbam","robots":{"index":"index","follow":"follow","max-snippet":"max-snippet:-1","max-image-preview":"max-image-preview:large","max-video-preview":"max-video-preview:-1"},"canonical":"https:\/\/www.hanzahotel.lv\/lv\/sanaksmes-un-privatie-pasakumi\/","og_locale":"lv_LV","og_type":"article","og_title":"San\u0101ksmes un priv\u0101tie pas\u0101kumi - Hanza Hotel","og_description":"M\u016bsu konferen\u010du z\u0101le pied\u0101v\u0101 m\u0101j\u012bgu un viesm\u012bl\u012bgu vidi darba san\u0101ksm\u0113m, prezent\u0101cij\u0101m, apm\u0101c\u012bb\u0101m, k\u0101 ar\u012b banketiem un priv\u0101t\u0101m svin\u012bb\u0101m. Telpa ir piepild\u012bta ar dabisko dienas gaismu un apr\u012bkota ar projektoru, ekr\u0101nu, t\u0101fel\u0113m un visu nepiecie\u0161amo tehnisko nodro\u0161in\u0101jumu produkt\u012bvam darbam","og_url":"https:\/\/www.hanzahotel.lv\/lv\/sanaksmes-un-privatie-pasakumi\/","og_site_name":"Hanza Hotel","article_modified_time":"2026-03-26T13:49:04+00:00","twitter_card":"summary_large_image","twitter_misc":{"Est. reading time":"1 minute"},"schema":{"@context":"https:\/\/schema.org","@graph":[{"@type":"WebPage","@id":"https:\/\/www.hanzahotel.lv\/lv\/sanaksmes-un-privatie-pasakumi\/","url":"https:\/\/www.hanzahotel.lv\/lv\/sanaksmes-un-privatie-pasakumi\/","name":"San\u0101ksmes un priv\u0101tie pas\u0101kumi - Hanza Hotel","isPartOf":{"@id":"https:\/\/www.hanzahotel.lv\/lv\/#website"},"datePublished":"2026-02-23T13:08:47+00:00","dateModified":"2026-03-26T13:49:04+00:00","description":"M\u016bsu konferen\u010du z\u0101le pied\u0101v\u0101 m\u0101j\u012bgu un viesm\u012bl\u012bgu vidi darba san\u0101ksm\u0113m, prezent\u0101cij\u0101m, apm\u0101c\u012bb\u0101m, k\u0101 ar\u012b banketiem un priv\u0101t\u0101m svin\u012bb\u0101m. Telpa ir piepild\u012bta ar dabisko dienas gaismu un apr\u012bkota ar projektoru, ekr\u0101nu, t\u0101fel\u0113m un visu nepiecie\u0161amo tehnisko nodro\u0161in\u0101jumu produkt\u012bvam darbam","breadcrumb":{"@id":"https:\/\/www.hanzahotel.lv\/lv\/sanaksmes-un-privatie-pasakumi\/#breadcrumb"},"inLanguage":"lv-LV","potentialAction":[{"@type":"ReadAction","target":["https:\/\/www.hanzahotel.lv\/lv\/sanaksmes-un-privatie-pasakumi\/"]}]},{"@type":"BreadcrumbList","@id":"https:\/\/www.hanzahotel.lv\/lv\/sanaksmes-un-privatie-pasakumi\/#breadcrumb","itemListElement":[{"@type":"ListItem","position":1,"name":"S\u0101kumlapa","item":"https:\/\/www.hanzahotel.lv\/lv\/"},{"@type":"ListItem","position":2,"name":"San\u0101ksmes un priv\u0101tie pas\u0101kumi"}]},{"@type":"WebSite","@id":"https:\/\/www.hanzahotel.lv\/lv\/#website","url":"https:\/\/www.hanzahotel.lv\/lv\/","name":"Hanza Hotel","description":"","potentialAction":[{"@type":"SearchAction","target":{"@type":"EntryPoint","urlTemplate":"https:\/\/www.hanzahotel.lv\/lv\/?s={search_term_string}"},"query-input":{"@type":"PropertyValueSpecification","valueRequired":true,"valueName":"search_term_string"}}],"inLanguage":"lv-LV"}]}},"acf":[],"_links":{"self":[{"href":"https:\/\/www.hanzahotel.lv\/lv\/wp-json\/wp\/v2\/pages\/142","targetHints":{"allow":["GET"]}}],"collection":[{"href":"https:\/\/www.hanzahotel.lv\/lv\/wp-json\/wp\/v2\/pages"}],"about":[{"href":"https:\/\/www.hanzahotel.lv\/lv\/wp-json\/wp\/v2\/types\/page"}],"author":[{"embeddable":true,"href":"https:\/\/www.hanzahotel.lv\/lv\/wp-json\/wp\/v2\/users\/13"}],"replies":[{"embeddable":true,"href":"https:\/\/www.hanzahotel.lv\/lv\/wp-json\/wp\/v2\/comments?post=142"}],"version-history":[{"count":0,"href":"https:\/\/www.hanzahotel.lv\/lv\/wp-json\/wp\/v2\/pages\/142\/revisions"}],"wp:attachment":[{"href":"https:\/\/www.hanzahotel.lv\/lv\/wp-json\/wp\/v2\/media?parent=142"}],"curies":[{"name":"wp","href":"https:\/\/api.w.org\/{rel}","templated":true}]}}