{"id":145,"date":"2026-02-23T12:52:08","date_gmt":"2026-02-23T12:52:08","guid":{"rendered":"https:\/\/hanza-hotel.ms3.decms.eu\/viesnicas-numuri\/standard-double-or-twin-rooms\/"},"modified":"2026-03-26T13:13:38","modified_gmt":"2026-03-26T13:13:38","slug":"standarta-divvietigie-numuri","status":"publish","type":"page","link":"https:\/\/www.hanzahotel.lv\/lv\/viesnicas-numuri\/standarta-divvietigie-numuri\/","title":{"rendered":"Standarta divviet\u012bgie numuri"},"content":{"rendered":"<p style=\"text-align: center;\">M\u016bsu Standarta divviet\u012bgie numuri pied\u0101v\u0101 gai\u0161u un piel\u0101gojamu vidi \u0113rtai palik\u0161anai. Atkar\u012bb\u0101 no pieejam\u012bbas, \u0161ie numuri ir apr\u012bkoti ar vienu lielu divviet\u012bgo gultu (180 x 200 cm) vai div\u0101m atsevi\u0161\u0137\u0101m gult\u0101m (90 x 200 cm). Pateicoties vienk\u0101r\u0161ajam dizainam un mier\u012bgajiem to\u0146iem, t\u0101 ir uzticama un \u0113rta izv\u0113le p\u0101riem, draugiem vai kol\u0113\u0123iem. M\u0113s r\u016bp\u0113jamies par t\u012bru un klusu vidi ar visu nepiecie\u0161amo telpu, lai j\u016bs justos k\u0101 m\u0101j\u0101s, kam\u0113r iepaz\u012bstat pils\u0113tu.<\/p>\n","protected":false},"excerpt":{"rendered":"<p>M\u016bsu Standarta divviet\u012bgie numuri pied\u0101v\u0101 gai\u0161u un piel\u0101gojamu vidi \u0113rtai palik\u0161anai. Atkar\u012bb\u0101 no pieejam\u012bbas, \u0161ie numuri ir apr\u012bkoti ar vienu lielu divviet\u012bgo gultu (180 x 200 cm) vai div\u0101m atsevi\u0161\u0137\u0101m gult\u0101m (90 x 200 cm). Pateicoties vienk\u0101r\u0161ajam dizainam un mier\u012bgajiem to\u0146iem, t\u0101 ir uzticama un \u0113rta izv\u0113le p\u0101riem, draugiem vai kol\u0113\u0123iem. M\u0113s r\u016bp\u0113jamies par t\u012bru [&hellip;]<\/p>\n","protected":false},"author":13,"featured_media":0,"parent":125,"menu_order":3,"comment_status":"closed","ping_status":"closed","template":"template-single-room.php","meta":{"footnotes":""},"class_list":["post-145","page","type-page","status-publish","hentry"],"yoast_head":"<!-- This site is optimized with the Yoast SEO plugin v26.9 - https:\/\/yoast.com\/product\/yoast-seo-wordpress\/ -->\n<title>Standarta divviet\u012bgie numuri - Hanza Hotel<\/title>\n<meta name=\"description\" content=\"M\u016bsu Standarta divviet\u012bgie numuri pied\u0101v\u0101 gai\u0161u un piel\u0101gojamu vidi \u0113rtai palik\u0161anai. Atkar\u012bb\u0101 no pieejam\u012bbas, \u0161ie numuri ir apr\u012bkoti ar vienu lielu divviet\u012bgo gultu (180 x 200 cm) vai div\u0101m atsevi\u0161\u0137\u0101m gult\u0101m (90 x 200 cm)\" \/>\n<meta name=\"robots\" content=\"index, follow, max-snippet:-1, max-image-preview:large, max-video-preview:-1\" \/>\n<link rel=\"canonical\" href=\"https:\/\/www.hanzahotel.lv\/lv\/viesnicas-numuri\/standarta-divvietigie-numuri\/\" \/>\n<meta property=\"og:locale\" content=\"lv_LV\" \/>\n<meta property=\"og:type\" content=\"article\" \/>\n<meta property=\"og:title\" content=\"Standarta divviet\u012bgie numuri - Hanza Hotel\" \/>\n<meta property=\"og:description\" content=\"M\u016bsu Standarta divviet\u012bgie numuri pied\u0101v\u0101 gai\u0161u un piel\u0101gojamu vidi \u0113rtai palik\u0161anai. Atkar\u012bb\u0101 no pieejam\u012bbas, \u0161ie numuri ir apr\u012bkoti ar vienu lielu divviet\u012bgo gultu (180 x 200 cm) vai div\u0101m atsevi\u0161\u0137\u0101m gult\u0101m (90 x 200 cm)\" \/>\n<meta property=\"og:url\" content=\"https:\/\/www.hanzahotel.lv\/lv\/viesnicas-numuri\/standarta-divvietigie-numuri\/\" \/>\n<meta property=\"og:site_name\" content=\"Hanza Hotel\" \/>\n<meta property=\"article:modified_time\" content=\"2026-03-26T13:13:38+00:00\" \/>\n<meta name=\"twitter:card\" content=\"summary_large_image\" \/>\n<meta name=\"twitter:label1\" content=\"Est. reading time\" \/>\n\t<meta name=\"twitter:data1\" content=\"1 minute\" \/>\n<script type=\"application\/ld+json\" class=\"yoast-schema-graph\">{\"@context\":\"https:\/\/schema.org\",\"@graph\":[{\"@type\":\"WebPage\",\"@id\":\"https:\/\/www.hanzahotel.lv\/lv\/viesnicas-numuri\/standarta-divvietigie-numuri\/\",\"url\":\"https:\/\/www.hanzahotel.lv\/lv\/viesnicas-numuri\/standarta-divvietigie-numuri\/\",\"name\":\"Standarta divviet\u012bgie numuri - Hanza Hotel\",\"isPartOf\":{\"@id\":\"https:\/\/www.hanzahotel.lv\/lv\/#website\"},\"datePublished\":\"2026-02-23T12:52:08+00:00\",\"dateModified\":\"2026-03-26T13:13:38+00:00\",\"description\":\"M\u016bsu Standarta divviet\u012bgie numuri pied\u0101v\u0101 gai\u0161u un piel\u0101gojamu vidi \u0113rtai palik\u0161anai. Atkar\u012bb\u0101 no pieejam\u012bbas, \u0161ie numuri ir apr\u012bkoti ar vienu lielu divviet\u012bgo gultu (180 x 200 cm) vai div\u0101m atsevi\u0161\u0137\u0101m gult\u0101m (90 x 200 cm)\",\"breadcrumb\":{\"@id\":\"https:\/\/www.hanzahotel.lv\/lv\/viesnicas-numuri\/standarta-divvietigie-numuri\/#breadcrumb\"},\"inLanguage\":\"lv-LV\",\"potentialAction\":[{\"@type\":\"ReadAction\",\"target\":[\"https:\/\/www.hanzahotel.lv\/lv\/viesnicas-numuri\/standarta-divvietigie-numuri\/\"]}]},{\"@type\":\"BreadcrumbList\",\"@id\":\"https:\/\/www.hanzahotel.lv\/lv\/viesnicas-numuri\/standarta-divvietigie-numuri\/#breadcrumb\",\"itemListElement\":[{\"@type\":\"ListItem\",\"position\":1,\"name\":\"S\u0101kumlapa\",\"item\":\"https:\/\/www.hanzahotel.lv\/lv\/\"},{\"@type\":\"ListItem\",\"position\":2,\"name\":\"Viesn\u012bcas numuri\",\"item\":\"https:\/\/www.hanzahotel.lv\/lv\/viesnicas-numuri\/\"},{\"@type\":\"ListItem\",\"position\":3,\"name\":\"Standarta divviet\u012bgie numuri\"}]},{\"@type\":\"WebSite\",\"@id\":\"https:\/\/www.hanzahotel.lv\/lv\/#website\",\"url\":\"https:\/\/www.hanzahotel.lv\/lv\/\",\"name\":\"Hanza Hotel\",\"description\":\"\",\"potentialAction\":[{\"@type\":\"SearchAction\",\"target\":{\"@type\":\"EntryPoint\",\"urlTemplate\":\"https:\/\/www.hanzahotel.lv\/lv\/?s={search_term_string}\"},\"query-input\":{\"@type\":\"PropertyValueSpecification\",\"valueRequired\":true,\"valueName\":\"search_term_string\"}}],\"inLanguage\":\"lv-LV\"}]}<\/script>\n<!-- \/ Yoast SEO plugin. -->","yoast_head_json":{"title":"Standarta divviet\u012bgie numuri - Hanza Hotel","description":"M\u016bsu Standarta divviet\u012bgie numuri pied\u0101v\u0101 gai\u0161u un piel\u0101gojamu vidi \u0113rtai palik\u0161anai. Atkar\u012bb\u0101 no pieejam\u012bbas, \u0161ie numuri ir apr\u012bkoti ar vienu lielu divviet\u012bgo gultu (180 x 200 cm) vai div\u0101m atsevi\u0161\u0137\u0101m gult\u0101m (90 x 200 cm)","robots":{"index":"index","follow":"follow","max-snippet":"max-snippet:-1","max-image-preview":"max-image-preview:large","max-video-preview":"max-video-preview:-1"},"canonical":"https:\/\/www.hanzahotel.lv\/lv\/viesnicas-numuri\/standarta-divvietigie-numuri\/","og_locale":"lv_LV","og_type":"article","og_title":"Standarta divviet\u012bgie numuri - Hanza Hotel","og_description":"M\u016bsu Standarta divviet\u012bgie numuri pied\u0101v\u0101 gai\u0161u un piel\u0101gojamu vidi \u0113rtai palik\u0161anai. Atkar\u012bb\u0101 no pieejam\u012bbas, \u0161ie numuri ir apr\u012bkoti ar vienu lielu divviet\u012bgo gultu (180 x 200 cm) vai div\u0101m atsevi\u0161\u0137\u0101m gult\u0101m (90 x 200 cm)","og_url":"https:\/\/www.hanzahotel.lv\/lv\/viesnicas-numuri\/standarta-divvietigie-numuri\/","og_site_name":"Hanza Hotel","article_modified_time":"2026-03-26T13:13:38+00:00","twitter_card":"summary_large_image","twitter_misc":{"Est. reading time":"1 minute"},"schema":{"@context":"https:\/\/schema.org","@graph":[{"@type":"WebPage","@id":"https:\/\/www.hanzahotel.lv\/lv\/viesnicas-numuri\/standarta-divvietigie-numuri\/","url":"https:\/\/www.hanzahotel.lv\/lv\/viesnicas-numuri\/standarta-divvietigie-numuri\/","name":"Standarta divviet\u012bgie numuri - Hanza Hotel","isPartOf":{"@id":"https:\/\/www.hanzahotel.lv\/lv\/#website"},"datePublished":"2026-02-23T12:52:08+00:00","dateModified":"2026-03-26T13:13:38+00:00","description":"M\u016bsu Standarta divviet\u012bgie numuri pied\u0101v\u0101 gai\u0161u un piel\u0101gojamu vidi \u0113rtai palik\u0161anai. Atkar\u012bb\u0101 no pieejam\u012bbas, \u0161ie numuri ir apr\u012bkoti ar vienu lielu divviet\u012bgo gultu (180 x 200 cm) vai div\u0101m atsevi\u0161\u0137\u0101m gult\u0101m (90 x 200 cm)","breadcrumb":{"@id":"https:\/\/www.hanzahotel.lv\/lv\/viesnicas-numuri\/standarta-divvietigie-numuri\/#breadcrumb"},"inLanguage":"lv-LV","potentialAction":[{"@type":"ReadAction","target":["https:\/\/www.hanzahotel.lv\/lv\/viesnicas-numuri\/standarta-divvietigie-numuri\/"]}]},{"@type":"BreadcrumbList","@id":"https:\/\/www.hanzahotel.lv\/lv\/viesnicas-numuri\/standarta-divvietigie-numuri\/#breadcrumb","itemListElement":[{"@type":"ListItem","position":1,"name":"S\u0101kumlapa","item":"https:\/\/www.hanzahotel.lv\/lv\/"},{"@type":"ListItem","position":2,"name":"Viesn\u012bcas numuri","item":"https:\/\/www.hanzahotel.lv\/lv\/viesnicas-numuri\/"},{"@type":"ListItem","position":3,"name":"Standarta divviet\u012bgie numuri"}]},{"@type":"WebSite","@id":"https:\/\/www.hanzahotel.lv\/lv\/#website","url":"https:\/\/www.hanzahotel.lv\/lv\/","name":"Hanza Hotel","description":"","potentialAction":[{"@type":"SearchAction","target":{"@type":"EntryPoint","urlTemplate":"https:\/\/www.hanzahotel.lv\/lv\/?s={search_term_string}"},"query-input":{"@type":"PropertyValueSpecification","valueRequired":true,"valueName":"search_term_string"}}],"inLanguage":"lv-LV"}]}},"acf":[],"_links":{"self":[{"href":"https:\/\/www.hanzahotel.lv\/lv\/wp-json\/wp\/v2\/pages\/145","targetHints":{"allow":["GET"]}}],"collection":[{"href":"https:\/\/www.hanzahotel.lv\/lv\/wp-json\/wp\/v2\/pages"}],"about":[{"href":"https:\/\/www.hanzahotel.lv\/lv\/wp-json\/wp\/v2\/types\/page"}],"author":[{"embeddable":true,"href":"https:\/\/www.hanzahotel.lv\/lv\/wp-json\/wp\/v2\/users\/13"}],"replies":[{"embeddable":true,"href":"https:\/\/www.hanzahotel.lv\/lv\/wp-json\/wp\/v2\/comments?post=145"}],"version-history":[{"count":0,"href":"https:\/\/www.hanzahotel.lv\/lv\/wp-json\/wp\/v2\/pages\/145\/revisions"}],"up":[{"embeddable":true,"href":"https:\/\/www.hanzahotel.lv\/lv\/wp-json\/wp\/v2\/pages\/125"}],"wp:attachment":[{"href":"https:\/\/www.hanzahotel.lv\/lv\/wp-json\/wp\/v2\/media?parent=145"}],"curies":[{"name":"wp","href":"https:\/\/api.w.org\/{rel}","templated":true}]}}