{"id":149,"date":"2026-02-23T12:56:37","date_gmt":"2026-02-23T12:56:37","guid":{"rendered":"https:\/\/hanza-hotel.ms3.decms.eu\/viesnicas-numuri\/family-rooms\/"},"modified":"2026-03-26T13:12:07","modified_gmt":"2026-03-26T13:12:07","slug":"gimenes-numuri","status":"publish","type":"page","link":"https:\/\/www.hanzahotel.lv\/lv\/viesnicas-numuri\/gimenes-numuri\/","title":{"rendered":"\u0122imenes numuri"},"content":{"rendered":"<p style=\"text-align: center;\">M\u016bsu \u0123imenes numuri pied\u0101v\u0101 papildu telpu, kas nepiecie\u0161ama \u0113rtai un mier\u012bgai atp\u016btai kop\u0101 ar b\u0113rniem vai draugiem. Numurs ir paredz\u0113ts l\u012bdz tr\u012bs person\u0101m, un taj\u0101 ir viena liela divviet\u012bg\u0101 gulta un viena atsevi\u0161\u0137a vienviet\u012bg\u0101 gulta. Atmosf\u0113ra \u0161eit ir vienk\u0101r\u0161a, gai\u0161a un mier\u012bga \u2013 praktiska b\u0101zes vieta bez liek\u0101m deta\u013c\u0101m. T\u0101 ir god\u012bga un labi uztur\u0113ta telpa, kur j\u016bsu \u0123imene var kop\u012bgi atg\u016bt sp\u0113kus p\u0113c notikumiem bag\u0101tas dienas pils\u0113t\u0101, nodro\u0161inot \u0113rtu gu\u013casvietu ikvienam.<\/p>\n","protected":false},"excerpt":{"rendered":"<p>M\u016bsu \u0123imenes numuri pied\u0101v\u0101 papildu telpu, kas nepiecie\u0161ama \u0113rtai un mier\u012bgai atp\u016btai kop\u0101 ar b\u0113rniem vai draugiem. Numurs ir paredz\u0113ts l\u012bdz tr\u012bs person\u0101m, un taj\u0101 ir viena liela divviet\u012bg\u0101 gulta un viena atsevi\u0161\u0137a vienviet\u012bg\u0101 gulta. Atmosf\u0113ra \u0161eit ir vienk\u0101r\u0161a, gai\u0161a un mier\u012bga \u2013 praktiska b\u0101zes vieta bez liek\u0101m deta\u013c\u0101m. T\u0101 ir god\u012bga un labi uztur\u0113ta [&hellip;]<\/p>\n","protected":false},"author":13,"featured_media":0,"parent":125,"menu_order":2,"comment_status":"closed","ping_status":"closed","template":"template-single-room.php","meta":{"footnotes":""},"class_list":["post-149","page","type-page","status-publish","hentry"],"yoast_head":"<!-- This site is optimized with the Yoast SEO plugin v26.9 - https:\/\/yoast.com\/product\/yoast-seo-wordpress\/ -->\n<title>\u0122imenes numuri - Hanza Hotel<\/title>\n<meta name=\"description\" content=\"M\u016bsu \u0123imenes numuri pied\u0101v\u0101 papildu telpu, kas nepiecie\u0161ama \u0113rtai un mier\u012bgai atp\u016btai kop\u0101 ar b\u0113rniem vai draugiem. Numurs ir paredz\u0113ts l\u012bdz tr\u012bs person\u0101m, un taj\u0101 ir viena liela divviet\u012bg\u0101 gulta un viena atsevi\u0161\u0137a vienviet\u012bg\u0101 gulta\" \/>\n<meta name=\"robots\" content=\"index, follow, max-snippet:-1, max-image-preview:large, max-video-preview:-1\" \/>\n<link rel=\"canonical\" href=\"https:\/\/www.hanzahotel.lv\/lv\/viesnicas-numuri\/gimenes-numuri\/\" \/>\n<meta property=\"og:locale\" content=\"lv_LV\" \/>\n<meta property=\"og:type\" content=\"article\" \/>\n<meta property=\"og:title\" content=\"\u0122imenes numuri - Hanza Hotel\" \/>\n<meta property=\"og:description\" content=\"M\u016bsu \u0123imenes numuri pied\u0101v\u0101 papildu telpu, kas nepiecie\u0161ama \u0113rtai un mier\u012bgai atp\u016btai kop\u0101 ar b\u0113rniem vai draugiem. Numurs ir paredz\u0113ts l\u012bdz tr\u012bs person\u0101m, un taj\u0101 ir viena liela divviet\u012bg\u0101 gulta un viena atsevi\u0161\u0137a vienviet\u012bg\u0101 gulta\" \/>\n<meta property=\"og:url\" content=\"https:\/\/www.hanzahotel.lv\/lv\/viesnicas-numuri\/gimenes-numuri\/\" \/>\n<meta property=\"og:site_name\" content=\"Hanza Hotel\" \/>\n<meta property=\"article:modified_time\" content=\"2026-03-26T13:12:07+00:00\" \/>\n<meta name=\"twitter:card\" content=\"summary_large_image\" \/>\n<meta name=\"twitter:label1\" content=\"Est. reading time\" \/>\n\t<meta name=\"twitter:data1\" content=\"1 minute\" \/>\n<script type=\"application\/ld+json\" class=\"yoast-schema-graph\">{\"@context\":\"https:\/\/schema.org\",\"@graph\":[{\"@type\":\"WebPage\",\"@id\":\"https:\/\/www.hanzahotel.lv\/lv\/viesnicas-numuri\/gimenes-numuri\/\",\"url\":\"https:\/\/www.hanzahotel.lv\/lv\/viesnicas-numuri\/gimenes-numuri\/\",\"name\":\"\u0122imenes numuri - Hanza Hotel\",\"isPartOf\":{\"@id\":\"https:\/\/www.hanzahotel.lv\/lv\/#website\"},\"datePublished\":\"2026-02-23T12:56:37+00:00\",\"dateModified\":\"2026-03-26T13:12:07+00:00\",\"description\":\"M\u016bsu \u0123imenes numuri pied\u0101v\u0101 papildu telpu, kas nepiecie\u0161ama \u0113rtai un mier\u012bgai atp\u016btai kop\u0101 ar b\u0113rniem vai draugiem. Numurs ir paredz\u0113ts l\u012bdz tr\u012bs person\u0101m, un taj\u0101 ir viena liela divviet\u012bg\u0101 gulta un viena atsevi\u0161\u0137a vienviet\u012bg\u0101 gulta\",\"breadcrumb\":{\"@id\":\"https:\/\/www.hanzahotel.lv\/lv\/viesnicas-numuri\/gimenes-numuri\/#breadcrumb\"},\"inLanguage\":\"lv-LV\",\"potentialAction\":[{\"@type\":\"ReadAction\",\"target\":[\"https:\/\/www.hanzahotel.lv\/lv\/viesnicas-numuri\/gimenes-numuri\/\"]}]},{\"@type\":\"BreadcrumbList\",\"@id\":\"https:\/\/www.hanzahotel.lv\/lv\/viesnicas-numuri\/gimenes-numuri\/#breadcrumb\",\"itemListElement\":[{\"@type\":\"ListItem\",\"position\":1,\"name\":\"S\u0101kumlapa\",\"item\":\"https:\/\/www.hanzahotel.lv\/lv\/\"},{\"@type\":\"ListItem\",\"position\":2,\"name\":\"Viesn\u012bcas numuri\",\"item\":\"https:\/\/www.hanzahotel.lv\/lv\/viesnicas-numuri\/\"},{\"@type\":\"ListItem\",\"position\":3,\"name\":\"\u0122imenes numuri\"}]},{\"@type\":\"WebSite\",\"@id\":\"https:\/\/www.hanzahotel.lv\/lv\/#website\",\"url\":\"https:\/\/www.hanzahotel.lv\/lv\/\",\"name\":\"Hanza Hotel\",\"description\":\"\",\"potentialAction\":[{\"@type\":\"SearchAction\",\"target\":{\"@type\":\"EntryPoint\",\"urlTemplate\":\"https:\/\/www.hanzahotel.lv\/lv\/?s={search_term_string}\"},\"query-input\":{\"@type\":\"PropertyValueSpecification\",\"valueRequired\":true,\"valueName\":\"search_term_string\"}}],\"inLanguage\":\"lv-LV\"}]}<\/script>\n<!-- \/ Yoast SEO plugin. -->","yoast_head_json":{"title":"\u0122imenes numuri - Hanza Hotel","description":"M\u016bsu \u0123imenes numuri pied\u0101v\u0101 papildu telpu, kas nepiecie\u0161ama \u0113rtai un mier\u012bgai atp\u016btai kop\u0101 ar b\u0113rniem vai draugiem. Numurs ir paredz\u0113ts l\u012bdz tr\u012bs person\u0101m, un taj\u0101 ir viena liela divviet\u012bg\u0101 gulta un viena atsevi\u0161\u0137a vienviet\u012bg\u0101 gulta","robots":{"index":"index","follow":"follow","max-snippet":"max-snippet:-1","max-image-preview":"max-image-preview:large","max-video-preview":"max-video-preview:-1"},"canonical":"https:\/\/www.hanzahotel.lv\/lv\/viesnicas-numuri\/gimenes-numuri\/","og_locale":"lv_LV","og_type":"article","og_title":"\u0122imenes numuri - Hanza Hotel","og_description":"M\u016bsu \u0123imenes numuri pied\u0101v\u0101 papildu telpu, kas nepiecie\u0161ama \u0113rtai un mier\u012bgai atp\u016btai kop\u0101 ar b\u0113rniem vai draugiem. Numurs ir paredz\u0113ts l\u012bdz tr\u012bs person\u0101m, un taj\u0101 ir viena liela divviet\u012bg\u0101 gulta un viena atsevi\u0161\u0137a vienviet\u012bg\u0101 gulta","og_url":"https:\/\/www.hanzahotel.lv\/lv\/viesnicas-numuri\/gimenes-numuri\/","og_site_name":"Hanza Hotel","article_modified_time":"2026-03-26T13:12:07+00:00","twitter_card":"summary_large_image","twitter_misc":{"Est. reading time":"1 minute"},"schema":{"@context":"https:\/\/schema.org","@graph":[{"@type":"WebPage","@id":"https:\/\/www.hanzahotel.lv\/lv\/viesnicas-numuri\/gimenes-numuri\/","url":"https:\/\/www.hanzahotel.lv\/lv\/viesnicas-numuri\/gimenes-numuri\/","name":"\u0122imenes numuri - Hanza Hotel","isPartOf":{"@id":"https:\/\/www.hanzahotel.lv\/lv\/#website"},"datePublished":"2026-02-23T12:56:37+00:00","dateModified":"2026-03-26T13:12:07+00:00","description":"M\u016bsu \u0123imenes numuri pied\u0101v\u0101 papildu telpu, kas nepiecie\u0161ama \u0113rtai un mier\u012bgai atp\u016btai kop\u0101 ar b\u0113rniem vai draugiem. Numurs ir paredz\u0113ts l\u012bdz tr\u012bs person\u0101m, un taj\u0101 ir viena liela divviet\u012bg\u0101 gulta un viena atsevi\u0161\u0137a vienviet\u012bg\u0101 gulta","breadcrumb":{"@id":"https:\/\/www.hanzahotel.lv\/lv\/viesnicas-numuri\/gimenes-numuri\/#breadcrumb"},"inLanguage":"lv-LV","potentialAction":[{"@type":"ReadAction","target":["https:\/\/www.hanzahotel.lv\/lv\/viesnicas-numuri\/gimenes-numuri\/"]}]},{"@type":"BreadcrumbList","@id":"https:\/\/www.hanzahotel.lv\/lv\/viesnicas-numuri\/gimenes-numuri\/#breadcrumb","itemListElement":[{"@type":"ListItem","position":1,"name":"S\u0101kumlapa","item":"https:\/\/www.hanzahotel.lv\/lv\/"},{"@type":"ListItem","position":2,"name":"Viesn\u012bcas numuri","item":"https:\/\/www.hanzahotel.lv\/lv\/viesnicas-numuri\/"},{"@type":"ListItem","position":3,"name":"\u0122imenes numuri"}]},{"@type":"WebSite","@id":"https:\/\/www.hanzahotel.lv\/lv\/#website","url":"https:\/\/www.hanzahotel.lv\/lv\/","name":"Hanza Hotel","description":"","potentialAction":[{"@type":"SearchAction","target":{"@type":"EntryPoint","urlTemplate":"https:\/\/www.hanzahotel.lv\/lv\/?s={search_term_string}"},"query-input":{"@type":"PropertyValueSpecification","valueRequired":true,"valueName":"search_term_string"}}],"inLanguage":"lv-LV"}]}},"acf":[],"_links":{"self":[{"href":"https:\/\/www.hanzahotel.lv\/lv\/wp-json\/wp\/v2\/pages\/149","targetHints":{"allow":["GET"]}}],"collection":[{"href":"https:\/\/www.hanzahotel.lv\/lv\/wp-json\/wp\/v2\/pages"}],"about":[{"href":"https:\/\/www.hanzahotel.lv\/lv\/wp-json\/wp\/v2\/types\/page"}],"author":[{"embeddable":true,"href":"https:\/\/www.hanzahotel.lv\/lv\/wp-json\/wp\/v2\/users\/13"}],"replies":[{"embeddable":true,"href":"https:\/\/www.hanzahotel.lv\/lv\/wp-json\/wp\/v2\/comments?post=149"}],"version-history":[{"count":0,"href":"https:\/\/www.hanzahotel.lv\/lv\/wp-json\/wp\/v2\/pages\/149\/revisions"}],"up":[{"embeddable":true,"href":"https:\/\/www.hanzahotel.lv\/lv\/wp-json\/wp\/v2\/pages\/125"}],"wp:attachment":[{"href":"https:\/\/www.hanzahotel.lv\/lv\/wp-json\/wp\/v2\/media?parent=149"}],"curies":[{"name":"wp","href":"https:\/\/api.w.org\/{rel}","templated":true}]}}