{"id":153,"date":"2026-02-23T13:00:26","date_gmt":"2026-02-23T13:00:26","guid":{"rendered":"https:\/\/hanza-hotel.ms3.decms.eu\/viesnicas-numuri\/superior-rooms\/"},"modified":"2026-03-26T13:09:21","modified_gmt":"2026-03-26T13:09:21","slug":"superior-numuri","status":"publish","type":"page","link":"https:\/\/www.hanzahotel.lv\/lv\/viesnicas-numuri\/superior-numuri\/","title":{"rendered":"Superior numuri"},"content":{"rendered":"<p style=\"text-align: center;\">M\u016bsu Superior numuri atrodas viesn\u012bcas sestaj\u0101 st\u0101v\u0101, pied\u0101v\u0101jot pla\u0161\u0101ku telpu un \u012bpa\u0161i mier\u012bgu atmosf\u0113ru. \u0160ie numuri ir apr\u012bkoti ar gaisa kondicionieri, nodro\u0161inot komfortu gan karst\u0101s vasar\u0101s, gan ziemas m\u0113ne\u0161os. Pa logiem varat v\u0113rot pils\u0113tas jumtu ainavu, kas pie\u0161\u0137ir uztur\u0113\u0161an\u0101s laikam \u012bpa\u0161u noska\u0146u. Ar vienk\u0101r\u0161u dizainu un papildu vietu kust\u012bbai \u2014 \u0161\u012b ir ide\u0101la izv\u0113le viesiem, kuri nov\u0113rt\u0113 br\u012bv\u012bbas saj\u016btu un mier\u012bgu, paceltu skatu uz pils\u0113tu.<\/p>\n","protected":false},"excerpt":{"rendered":"<p>M\u016bsu Superior numuri atrodas viesn\u012bcas sestaj\u0101 st\u0101v\u0101, pied\u0101v\u0101jot pla\u0161\u0101ku telpu un \u012bpa\u0161i mier\u012bgu atmosf\u0113ru. \u0160ie numuri ir apr\u012bkoti ar gaisa kondicionieri, nodro\u0161inot komfortu gan karst\u0101s vasar\u0101s, gan ziemas m\u0113ne\u0161os. Pa logiem varat v\u0113rot pils\u0113tas jumtu ainavu, kas pie\u0161\u0137ir uztur\u0113\u0161an\u0101s laikam \u012bpa\u0161u noska\u0146u. Ar vienk\u0101r\u0161u dizainu un papildu vietu kust\u012bbai \u2014 \u0161\u012b ir ide\u0101la izv\u0113le viesiem, [&hellip;]<\/p>\n","protected":false},"author":13,"featured_media":0,"parent":125,"menu_order":1,"comment_status":"closed","ping_status":"closed","template":"template-single-room.php","meta":{"footnotes":""},"class_list":["post-153","page","type-page","status-publish","hentry"],"yoast_head":"<!-- This site is optimized with the Yoast SEO plugin v26.9 - https:\/\/yoast.com\/product\/yoast-seo-wordpress\/ -->\n<title>Superior numuri - Hanza Hotel<\/title>\n<meta name=\"description\" content=\"M\u016bsu Superior numuri atrodas viesn\u012bcas sestaj\u0101 st\u0101v\u0101, pied\u0101v\u0101jot pla\u0161\u0101ku telpu un \u012bpa\u0161i mier\u012bgu atmosf\u0113ru. \u0160ie numuri ir apr\u012bkoti ar gaisa kondicionieri, nodro\u0161inot komfortu gan karst\u0101s vasar\u0101s, gan ziemas m\u0113ne\u0161os\" \/>\n<meta name=\"robots\" content=\"index, follow, max-snippet:-1, max-image-preview:large, max-video-preview:-1\" \/>\n<link rel=\"canonical\" href=\"https:\/\/www.hanzahotel.lv\/lv\/viesnicas-numuri\/superior-numuri\/\" \/>\n<meta property=\"og:locale\" content=\"lv_LV\" \/>\n<meta property=\"og:type\" content=\"article\" \/>\n<meta property=\"og:title\" content=\"Superior numuri - Hanza Hotel\" \/>\n<meta property=\"og:description\" content=\"M\u016bsu Superior numuri atrodas viesn\u012bcas sestaj\u0101 st\u0101v\u0101, pied\u0101v\u0101jot pla\u0161\u0101ku telpu un \u012bpa\u0161i mier\u012bgu atmosf\u0113ru. \u0160ie numuri ir apr\u012bkoti ar gaisa kondicionieri, nodro\u0161inot komfortu gan karst\u0101s vasar\u0101s, gan ziemas m\u0113ne\u0161os\" \/>\n<meta property=\"og:url\" content=\"https:\/\/www.hanzahotel.lv\/lv\/viesnicas-numuri\/superior-numuri\/\" \/>\n<meta property=\"og:site_name\" content=\"Hanza Hotel\" \/>\n<meta property=\"article:modified_time\" content=\"2026-03-26T13:09:21+00:00\" \/>\n<meta name=\"twitter:card\" content=\"summary_large_image\" \/>\n<meta name=\"twitter:label1\" content=\"Est. reading time\" \/>\n\t<meta name=\"twitter:data1\" content=\"1 minute\" \/>\n<script type=\"application\/ld+json\" class=\"yoast-schema-graph\">{\"@context\":\"https:\/\/schema.org\",\"@graph\":[{\"@type\":\"WebPage\",\"@id\":\"https:\/\/www.hanzahotel.lv\/lv\/viesnicas-numuri\/superior-numuri\/\",\"url\":\"https:\/\/www.hanzahotel.lv\/lv\/viesnicas-numuri\/superior-numuri\/\",\"name\":\"Superior numuri - Hanza Hotel\",\"isPartOf\":{\"@id\":\"https:\/\/www.hanzahotel.lv\/lv\/#website\"},\"datePublished\":\"2026-02-23T13:00:26+00:00\",\"dateModified\":\"2026-03-26T13:09:21+00:00\",\"description\":\"M\u016bsu Superior numuri atrodas viesn\u012bcas sestaj\u0101 st\u0101v\u0101, pied\u0101v\u0101jot pla\u0161\u0101ku telpu un \u012bpa\u0161i mier\u012bgu atmosf\u0113ru. \u0160ie numuri ir apr\u012bkoti ar gaisa kondicionieri, nodro\u0161inot komfortu gan karst\u0101s vasar\u0101s, gan ziemas m\u0113ne\u0161os\",\"breadcrumb\":{\"@id\":\"https:\/\/www.hanzahotel.lv\/lv\/viesnicas-numuri\/superior-numuri\/#breadcrumb\"},\"inLanguage\":\"lv-LV\",\"potentialAction\":[{\"@type\":\"ReadAction\",\"target\":[\"https:\/\/www.hanzahotel.lv\/lv\/viesnicas-numuri\/superior-numuri\/\"]}]},{\"@type\":\"BreadcrumbList\",\"@id\":\"https:\/\/www.hanzahotel.lv\/lv\/viesnicas-numuri\/superior-numuri\/#breadcrumb\",\"itemListElement\":[{\"@type\":\"ListItem\",\"position\":1,\"name\":\"S\u0101kumlapa\",\"item\":\"https:\/\/www.hanzahotel.lv\/lv\/\"},{\"@type\":\"ListItem\",\"position\":2,\"name\":\"Viesn\u012bcas numuri\",\"item\":\"https:\/\/www.hanzahotel.lv\/lv\/viesnicas-numuri\/\"},{\"@type\":\"ListItem\",\"position\":3,\"name\":\"Superior numuri\"}]},{\"@type\":\"WebSite\",\"@id\":\"https:\/\/www.hanzahotel.lv\/lv\/#website\",\"url\":\"https:\/\/www.hanzahotel.lv\/lv\/\",\"name\":\"Hanza Hotel\",\"description\":\"\",\"potentialAction\":[{\"@type\":\"SearchAction\",\"target\":{\"@type\":\"EntryPoint\",\"urlTemplate\":\"https:\/\/www.hanzahotel.lv\/lv\/?s={search_term_string}\"},\"query-input\":{\"@type\":\"PropertyValueSpecification\",\"valueRequired\":true,\"valueName\":\"search_term_string\"}}],\"inLanguage\":\"lv-LV\"}]}<\/script>\n<!-- \/ Yoast SEO plugin. -->","yoast_head_json":{"title":"Superior numuri - Hanza Hotel","description":"M\u016bsu Superior numuri atrodas viesn\u012bcas sestaj\u0101 st\u0101v\u0101, pied\u0101v\u0101jot pla\u0161\u0101ku telpu un \u012bpa\u0161i mier\u012bgu atmosf\u0113ru. \u0160ie numuri ir apr\u012bkoti ar gaisa kondicionieri, nodro\u0161inot komfortu gan karst\u0101s vasar\u0101s, gan ziemas m\u0113ne\u0161os","robots":{"index":"index","follow":"follow","max-snippet":"max-snippet:-1","max-image-preview":"max-image-preview:large","max-video-preview":"max-video-preview:-1"},"canonical":"https:\/\/www.hanzahotel.lv\/lv\/viesnicas-numuri\/superior-numuri\/","og_locale":"lv_LV","og_type":"article","og_title":"Superior numuri - Hanza Hotel","og_description":"M\u016bsu Superior numuri atrodas viesn\u012bcas sestaj\u0101 st\u0101v\u0101, pied\u0101v\u0101jot pla\u0161\u0101ku telpu un \u012bpa\u0161i mier\u012bgu atmosf\u0113ru. \u0160ie numuri ir apr\u012bkoti ar gaisa kondicionieri, nodro\u0161inot komfortu gan karst\u0101s vasar\u0101s, gan ziemas m\u0113ne\u0161os","og_url":"https:\/\/www.hanzahotel.lv\/lv\/viesnicas-numuri\/superior-numuri\/","og_site_name":"Hanza Hotel","article_modified_time":"2026-03-26T13:09:21+00:00","twitter_card":"summary_large_image","twitter_misc":{"Est. reading time":"1 minute"},"schema":{"@context":"https:\/\/schema.org","@graph":[{"@type":"WebPage","@id":"https:\/\/www.hanzahotel.lv\/lv\/viesnicas-numuri\/superior-numuri\/","url":"https:\/\/www.hanzahotel.lv\/lv\/viesnicas-numuri\/superior-numuri\/","name":"Superior numuri - Hanza Hotel","isPartOf":{"@id":"https:\/\/www.hanzahotel.lv\/lv\/#website"},"datePublished":"2026-02-23T13:00:26+00:00","dateModified":"2026-03-26T13:09:21+00:00","description":"M\u016bsu Superior numuri atrodas viesn\u012bcas sestaj\u0101 st\u0101v\u0101, pied\u0101v\u0101jot pla\u0161\u0101ku telpu un \u012bpa\u0161i mier\u012bgu atmosf\u0113ru. \u0160ie numuri ir apr\u012bkoti ar gaisa kondicionieri, nodro\u0161inot komfortu gan karst\u0101s vasar\u0101s, gan ziemas m\u0113ne\u0161os","breadcrumb":{"@id":"https:\/\/www.hanzahotel.lv\/lv\/viesnicas-numuri\/superior-numuri\/#breadcrumb"},"inLanguage":"lv-LV","potentialAction":[{"@type":"ReadAction","target":["https:\/\/www.hanzahotel.lv\/lv\/viesnicas-numuri\/superior-numuri\/"]}]},{"@type":"BreadcrumbList","@id":"https:\/\/www.hanzahotel.lv\/lv\/viesnicas-numuri\/superior-numuri\/#breadcrumb","itemListElement":[{"@type":"ListItem","position":1,"name":"S\u0101kumlapa","item":"https:\/\/www.hanzahotel.lv\/lv\/"},{"@type":"ListItem","position":2,"name":"Viesn\u012bcas numuri","item":"https:\/\/www.hanzahotel.lv\/lv\/viesnicas-numuri\/"},{"@type":"ListItem","position":3,"name":"Superior numuri"}]},{"@type":"WebSite","@id":"https:\/\/www.hanzahotel.lv\/lv\/#website","url":"https:\/\/www.hanzahotel.lv\/lv\/","name":"Hanza Hotel","description":"","potentialAction":[{"@type":"SearchAction","target":{"@type":"EntryPoint","urlTemplate":"https:\/\/www.hanzahotel.lv\/lv\/?s={search_term_string}"},"query-input":{"@type":"PropertyValueSpecification","valueRequired":true,"valueName":"search_term_string"}}],"inLanguage":"lv-LV"}]}},"acf":[],"_links":{"self":[{"href":"https:\/\/www.hanzahotel.lv\/lv\/wp-json\/wp\/v2\/pages\/153","targetHints":{"allow":["GET"]}}],"collection":[{"href":"https:\/\/www.hanzahotel.lv\/lv\/wp-json\/wp\/v2\/pages"}],"about":[{"href":"https:\/\/www.hanzahotel.lv\/lv\/wp-json\/wp\/v2\/types\/page"}],"author":[{"embeddable":true,"href":"https:\/\/www.hanzahotel.lv\/lv\/wp-json\/wp\/v2\/users\/13"}],"replies":[{"embeddable":true,"href":"https:\/\/www.hanzahotel.lv\/lv\/wp-json\/wp\/v2\/comments?post=153"}],"version-history":[{"count":0,"href":"https:\/\/www.hanzahotel.lv\/lv\/wp-json\/wp\/v2\/pages\/153\/revisions"}],"up":[{"embeddable":true,"href":"https:\/\/www.hanzahotel.lv\/lv\/wp-json\/wp\/v2\/pages\/125"}],"wp:attachment":[{"href":"https:\/\/www.hanzahotel.lv\/lv\/wp-json\/wp\/v2\/media?parent=153"}],"curies":[{"name":"wp","href":"https:\/\/api.w.org\/{rel}","templated":true}]}}