{"id":157,"date":"2026-02-23T13:00:49","date_gmt":"2026-02-23T13:00:49","guid":{"rendered":"https:\/\/hanza-hotel.ms3.decms.eu\/viesnicas-numuri\/junior-suites\/"},"modified":"2026-03-26T11:10:59","modified_gmt":"2026-03-26T11:10:59","slug":"junior-suite-numuri","status":"publish","type":"page","link":"https:\/\/www.hanzahotel.lv\/lv\/viesnicas-numuri\/junior-suite-numuri\/","title":{"rendered":"Junior Suite numuri"},"content":{"rendered":"<p style=\"text-align: center;\">Junior Suite ir liel\u0101kais un \u0113rt\u0101kais numurs m\u016bsu viesn\u012bc\u0101, kas rad\u012bts tiem, kuri nov\u0113rt\u0113 papildu telpu. Taj\u0101 ir m\u0101j\u012bga atp\u016btas zona, kas nodal\u012bta no gu\u013camzonas, padarot to par lielisku izv\u0113li ilg\u0101kai palik\u0161anai vai darba braucieniem. \u0160is numurs ir apr\u012bkots ar gaisa kondicionieri, un taj\u0101 ir m\u016bsu liel\u0101k\u0101 vannas istaba ar pilna izm\u0113ra vannu. T\u0101 ir vienk\u0101r\u0161a, god\u012bga un pla\u0161a telpa, kas pied\u0101v\u0101 mier\u012bg\u0101ku un komfortabl\u0101ku pieredzi pa\u0161\u0101 pils\u0113tas sird\u012b.<\/p>\n","protected":false},"excerpt":{"rendered":"<p>Junior Suite ir liel\u0101kais un \u0113rt\u0101kais numurs m\u016bsu viesn\u012bc\u0101, kas rad\u012bts tiem, kuri nov\u0113rt\u0113 papildu telpu. Taj\u0101 ir m\u0101j\u012bga atp\u016btas zona, kas nodal\u012bta no gu\u013camzonas, padarot to par lielisku izv\u0113li ilg\u0101kai palik\u0161anai vai darba braucieniem. \u0160is numurs ir apr\u012bkots ar gaisa kondicionieri, un taj\u0101 ir m\u016bsu liel\u0101k\u0101 vannas istaba ar pilna izm\u0113ra vannu. T\u0101 ir [&hellip;]<\/p>\n","protected":false},"author":13,"featured_media":0,"parent":125,"menu_order":0,"comment_status":"closed","ping_status":"closed","template":"template-single-room.php","meta":{"footnotes":""},"class_list":["post-157","page","type-page","status-publish","hentry"],"yoast_head":"<!-- This site is optimized with the Yoast SEO plugin v26.9 - https:\/\/yoast.com\/product\/yoast-seo-wordpress\/ -->\n<title>Junior Suite numuri - Hanza Hotel<\/title>\n<meta name=\"description\" content=\"Junior Suite ir liel\u0101kais un \u0113rt\u0101kais numurs m\u016bsu viesn\u012bc\u0101, kas rad\u012bts tiem, kuri nov\u0113rt\u0113 papildu telpu. Taj\u0101 ir m\u0101j\u012bga atp\u016btas zona, kas nodal\u012bta no gu\u013camzonas, padarot to par lielisku izv\u0113li ilg\u0101kai palik\u0161anai vai darba braucieniem\" \/>\n<meta name=\"robots\" content=\"index, follow, max-snippet:-1, max-image-preview:large, max-video-preview:-1\" \/>\n<link rel=\"canonical\" href=\"https:\/\/www.hanzahotel.lv\/lv\/viesnicas-numuri\/junior-suite-numuri\/\" \/>\n<meta property=\"og:locale\" content=\"lv_LV\" \/>\n<meta property=\"og:type\" content=\"article\" \/>\n<meta property=\"og:title\" content=\"Junior Suite numuri - Hanza Hotel\" \/>\n<meta property=\"og:description\" content=\"Junior Suite ir liel\u0101kais un \u0113rt\u0101kais numurs m\u016bsu viesn\u012bc\u0101, kas rad\u012bts tiem, kuri nov\u0113rt\u0113 papildu telpu. Taj\u0101 ir m\u0101j\u012bga atp\u016btas zona, kas nodal\u012bta no gu\u013camzonas, padarot to par lielisku izv\u0113li ilg\u0101kai palik\u0161anai vai darba braucieniem\" \/>\n<meta property=\"og:url\" content=\"https:\/\/www.hanzahotel.lv\/lv\/viesnicas-numuri\/junior-suite-numuri\/\" \/>\n<meta property=\"og:site_name\" content=\"Hanza Hotel\" \/>\n<meta property=\"article:modified_time\" content=\"2026-03-26T11:10:59+00:00\" \/>\n<meta name=\"twitter:card\" content=\"summary_large_image\" \/>\n<meta name=\"twitter:label1\" content=\"Est. reading time\" \/>\n\t<meta name=\"twitter:data1\" content=\"1 minute\" \/>\n<script type=\"application\/ld+json\" class=\"yoast-schema-graph\">{\"@context\":\"https:\/\/schema.org\",\"@graph\":[{\"@type\":\"WebPage\",\"@id\":\"https:\/\/www.hanzahotel.lv\/lv\/viesnicas-numuri\/junior-suite-numuri\/\",\"url\":\"https:\/\/www.hanzahotel.lv\/lv\/viesnicas-numuri\/junior-suite-numuri\/\",\"name\":\"Junior Suite numuri - Hanza Hotel\",\"isPartOf\":{\"@id\":\"https:\/\/www.hanzahotel.lv\/lv\/#website\"},\"datePublished\":\"2026-02-23T13:00:49+00:00\",\"dateModified\":\"2026-03-26T11:10:59+00:00\",\"description\":\"Junior Suite ir liel\u0101kais un \u0113rt\u0101kais numurs m\u016bsu viesn\u012bc\u0101, kas rad\u012bts tiem, kuri nov\u0113rt\u0113 papildu telpu. Taj\u0101 ir m\u0101j\u012bga atp\u016btas zona, kas nodal\u012bta no gu\u013camzonas, padarot to par lielisku izv\u0113li ilg\u0101kai palik\u0161anai vai darba braucieniem\",\"breadcrumb\":{\"@id\":\"https:\/\/www.hanzahotel.lv\/lv\/viesnicas-numuri\/junior-suite-numuri\/#breadcrumb\"},\"inLanguage\":\"lv-LV\",\"potentialAction\":[{\"@type\":\"ReadAction\",\"target\":[\"https:\/\/www.hanzahotel.lv\/lv\/viesnicas-numuri\/junior-suite-numuri\/\"]}]},{\"@type\":\"BreadcrumbList\",\"@id\":\"https:\/\/www.hanzahotel.lv\/lv\/viesnicas-numuri\/junior-suite-numuri\/#breadcrumb\",\"itemListElement\":[{\"@type\":\"ListItem\",\"position\":1,\"name\":\"S\u0101kumlapa\",\"item\":\"https:\/\/www.hanzahotel.lv\/lv\/\"},{\"@type\":\"ListItem\",\"position\":2,\"name\":\"Viesn\u012bcas numuri\",\"item\":\"https:\/\/www.hanzahotel.lv\/lv\/viesnicas-numuri\/\"},{\"@type\":\"ListItem\",\"position\":3,\"name\":\"Junior Suite numuri\"}]},{\"@type\":\"WebSite\",\"@id\":\"https:\/\/www.hanzahotel.lv\/lv\/#website\",\"url\":\"https:\/\/www.hanzahotel.lv\/lv\/\",\"name\":\"Hanza Hotel\",\"description\":\"\",\"potentialAction\":[{\"@type\":\"SearchAction\",\"target\":{\"@type\":\"EntryPoint\",\"urlTemplate\":\"https:\/\/www.hanzahotel.lv\/lv\/?s={search_term_string}\"},\"query-input\":{\"@type\":\"PropertyValueSpecification\",\"valueRequired\":true,\"valueName\":\"search_term_string\"}}],\"inLanguage\":\"lv-LV\"}]}<\/script>\n<!-- \/ Yoast SEO plugin. -->","yoast_head_json":{"title":"Junior Suite numuri - Hanza Hotel","description":"Junior Suite ir liel\u0101kais un \u0113rt\u0101kais numurs m\u016bsu viesn\u012bc\u0101, kas rad\u012bts tiem, kuri nov\u0113rt\u0113 papildu telpu. Taj\u0101 ir m\u0101j\u012bga atp\u016btas zona, kas nodal\u012bta no gu\u013camzonas, padarot to par lielisku izv\u0113li ilg\u0101kai palik\u0161anai vai darba braucieniem","robots":{"index":"index","follow":"follow","max-snippet":"max-snippet:-1","max-image-preview":"max-image-preview:large","max-video-preview":"max-video-preview:-1"},"canonical":"https:\/\/www.hanzahotel.lv\/lv\/viesnicas-numuri\/junior-suite-numuri\/","og_locale":"lv_LV","og_type":"article","og_title":"Junior Suite numuri - Hanza Hotel","og_description":"Junior Suite ir liel\u0101kais un \u0113rt\u0101kais numurs m\u016bsu viesn\u012bc\u0101, kas rad\u012bts tiem, kuri nov\u0113rt\u0113 papildu telpu. Taj\u0101 ir m\u0101j\u012bga atp\u016btas zona, kas nodal\u012bta no gu\u013camzonas, padarot to par lielisku izv\u0113li ilg\u0101kai palik\u0161anai vai darba braucieniem","og_url":"https:\/\/www.hanzahotel.lv\/lv\/viesnicas-numuri\/junior-suite-numuri\/","og_site_name":"Hanza Hotel","article_modified_time":"2026-03-26T11:10:59+00:00","twitter_card":"summary_large_image","twitter_misc":{"Est. reading time":"1 minute"},"schema":{"@context":"https:\/\/schema.org","@graph":[{"@type":"WebPage","@id":"https:\/\/www.hanzahotel.lv\/lv\/viesnicas-numuri\/junior-suite-numuri\/","url":"https:\/\/www.hanzahotel.lv\/lv\/viesnicas-numuri\/junior-suite-numuri\/","name":"Junior Suite numuri - Hanza Hotel","isPartOf":{"@id":"https:\/\/www.hanzahotel.lv\/lv\/#website"},"datePublished":"2026-02-23T13:00:49+00:00","dateModified":"2026-03-26T11:10:59+00:00","description":"Junior Suite ir liel\u0101kais un \u0113rt\u0101kais numurs m\u016bsu viesn\u012bc\u0101, kas rad\u012bts tiem, kuri nov\u0113rt\u0113 papildu telpu. Taj\u0101 ir m\u0101j\u012bga atp\u016btas zona, kas nodal\u012bta no gu\u013camzonas, padarot to par lielisku izv\u0113li ilg\u0101kai palik\u0161anai vai darba braucieniem","breadcrumb":{"@id":"https:\/\/www.hanzahotel.lv\/lv\/viesnicas-numuri\/junior-suite-numuri\/#breadcrumb"},"inLanguage":"lv-LV","potentialAction":[{"@type":"ReadAction","target":["https:\/\/www.hanzahotel.lv\/lv\/viesnicas-numuri\/junior-suite-numuri\/"]}]},{"@type":"BreadcrumbList","@id":"https:\/\/www.hanzahotel.lv\/lv\/viesnicas-numuri\/junior-suite-numuri\/#breadcrumb","itemListElement":[{"@type":"ListItem","position":1,"name":"S\u0101kumlapa","item":"https:\/\/www.hanzahotel.lv\/lv\/"},{"@type":"ListItem","position":2,"name":"Viesn\u012bcas numuri","item":"https:\/\/www.hanzahotel.lv\/lv\/viesnicas-numuri\/"},{"@type":"ListItem","position":3,"name":"Junior Suite numuri"}]},{"@type":"WebSite","@id":"https:\/\/www.hanzahotel.lv\/lv\/#website","url":"https:\/\/www.hanzahotel.lv\/lv\/","name":"Hanza Hotel","description":"","potentialAction":[{"@type":"SearchAction","target":{"@type":"EntryPoint","urlTemplate":"https:\/\/www.hanzahotel.lv\/lv\/?s={search_term_string}"},"query-input":{"@type":"PropertyValueSpecification","valueRequired":true,"valueName":"search_term_string"}}],"inLanguage":"lv-LV"}]}},"acf":[],"_links":{"self":[{"href":"https:\/\/www.hanzahotel.lv\/lv\/wp-json\/wp\/v2\/pages\/157","targetHints":{"allow":["GET"]}}],"collection":[{"href":"https:\/\/www.hanzahotel.lv\/lv\/wp-json\/wp\/v2\/pages"}],"about":[{"href":"https:\/\/www.hanzahotel.lv\/lv\/wp-json\/wp\/v2\/types\/page"}],"author":[{"embeddable":true,"href":"https:\/\/www.hanzahotel.lv\/lv\/wp-json\/wp\/v2\/users\/13"}],"replies":[{"embeddable":true,"href":"https:\/\/www.hanzahotel.lv\/lv\/wp-json\/wp\/v2\/comments?post=157"}],"version-history":[{"count":0,"href":"https:\/\/www.hanzahotel.lv\/lv\/wp-json\/wp\/v2\/pages\/157\/revisions"}],"up":[{"embeddable":true,"href":"https:\/\/www.hanzahotel.lv\/lv\/wp-json\/wp\/v2\/pages\/125"}],"wp:attachment":[{"href":"https:\/\/www.hanzahotel.lv\/lv\/wp-json\/wp\/v2\/media?parent=157"}],"curies":[{"name":"wp","href":"https:\/\/api.w.org\/{rel}","templated":true}]}}