{"id":161,"date":"2026-02-23T13:10:03","date_gmt":"2026-02-23T13:10:03","guid":{"rendered":"https:\/\/hanza-hotel.ms3.decms.eu\/where-we-are\/"},"modified":"2026-03-26T13:47:54","modified_gmt":"2026-03-26T13:47:54","slug":"atrasanas-vieta","status":"publish","type":"page","link":"https:\/\/www.hanzahotel.lv\/lv\/atrasanas-vieta\/","title":{"rendered":"Atra\u0161an\u0101s vieta"},"content":{"rendered":"<p style=\"text-align: center;\">J\u016bsu R\u012bgas iepaz\u012b\u0161ana s\u0101kas pie m\u016bsu durv\u012bm. Viesn\u012bca HANZA atrodas Elijas iel\u0101 7, klus\u0101 un v\u0113sturisk\u0101 apkaim\u0113, tikai 15 min\u016b\u0161u g\u0101jiena att\u0101lum\u0101 no slaven\u0101 Centr\u0101ltirgus un 20 min\u016b\u0161u att\u0101lum\u0101 no Vecr\u012bgas sirds. M\u0113s pied\u0101v\u0101jam mier\u012bgu alternat\u012bvu pils\u0113tas d\u016bmakai, vienlaikus saglab\u0101jot \u0113rtu piek\u013cuvi galvenajiem transporta mezgliem \u2014 Centr\u0101l\u0101 dzelzce\u013ca stacija un Autoosta ir tikai 12 min\u016b\u0161u g\u0101jiena att\u0101lum\u0101. No v\u0113sturisk\u0101s J\u0113zus bazn\u012bcas tie\u0161i p\u0101ri ielai l\u012bdz Sp\u012b\u0137eru kvart\u0101la rado\u0161ajai dvesmai \u2014 m\u016bsu atra\u0161an\u0101s vieta \u013cauj izbaud\u012bt R\u012bgas lab\u0101k\u0101s vietas, garant\u0113jot klusu naktsmieru prom no pils\u0113tas trok\u0161\u0146iem.<\/p>\n","protected":false},"excerpt":{"rendered":"<p>J\u016bsu R\u012bgas iepaz\u012b\u0161ana s\u0101kas pie m\u016bsu durv\u012bm. Viesn\u012bca HANZA atrodas Elijas iel\u0101 7, klus\u0101 un v\u0113sturisk\u0101 apkaim\u0113, tikai 15 min\u016b\u0161u g\u0101jiena att\u0101lum\u0101 no slaven\u0101 Centr\u0101ltirgus un 20 min\u016b\u0161u att\u0101lum\u0101 no Vecr\u012bgas sirds. M\u0113s pied\u0101v\u0101jam mier\u012bgu alternat\u012bvu pils\u0113tas d\u016bmakai, vienlaikus saglab\u0101jot \u0113rtu piek\u013cuvi galvenajiem transporta mezgliem \u2014 Centr\u0101l\u0101 dzelzce\u013ca stacija un Autoosta ir tikai 12 min\u016b\u0161u [&hellip;]<\/p>\n","protected":false},"author":13,"featured_media":0,"parent":0,"menu_order":6,"comment_status":"closed","ping_status":"closed","template":"template-location.php","meta":{"footnotes":""},"class_list":["post-161","page","type-page","status-publish","hentry"],"yoast_head":"<!-- This site is optimized with the Yoast SEO plugin v26.9 - https:\/\/yoast.com\/product\/yoast-seo-wordpress\/ -->\n<title>Atra\u0161an\u0101s vieta - Hanza Hotel<\/title>\n<meta name=\"description\" content=\"J\u016bsu R\u012bgas iepaz\u012b\u0161ana s\u0101kas pie m\u016bsu durv\u012bm. Viesn\u012bca HANZA atrodas Elijas iel\u0101 7, klus\u0101 un v\u0113sturisk\u0101 apkaim\u0113, tikai 15 min\u016b\u0161u g\u0101jiena att\u0101lum\u0101 no slaven\u0101 Centr\u0101ltirgus un 20 min\u016b\u0161u att\u0101lum\u0101 no Vecr\u012bgas sirds\" \/>\n<meta name=\"robots\" content=\"index, follow, max-snippet:-1, max-image-preview:large, max-video-preview:-1\" \/>\n<link rel=\"canonical\" href=\"https:\/\/www.hanzahotel.lv\/lv\/atrasanas-vieta\/\" \/>\n<meta property=\"og:locale\" content=\"lv_LV\" \/>\n<meta property=\"og:type\" content=\"article\" \/>\n<meta property=\"og:title\" content=\"Atra\u0161an\u0101s vieta - Hanza Hotel\" \/>\n<meta property=\"og:description\" content=\"J\u016bsu R\u012bgas iepaz\u012b\u0161ana s\u0101kas pie m\u016bsu durv\u012bm. Viesn\u012bca HANZA atrodas Elijas iel\u0101 7, klus\u0101 un v\u0113sturisk\u0101 apkaim\u0113, tikai 15 min\u016b\u0161u g\u0101jiena att\u0101lum\u0101 no slaven\u0101 Centr\u0101ltirgus un 20 min\u016b\u0161u att\u0101lum\u0101 no Vecr\u012bgas sirds\" \/>\n<meta property=\"og:url\" content=\"https:\/\/www.hanzahotel.lv\/lv\/atrasanas-vieta\/\" \/>\n<meta property=\"og:site_name\" content=\"Hanza Hotel\" \/>\n<meta property=\"article:modified_time\" content=\"2026-03-26T13:47:54+00:00\" \/>\n<meta name=\"twitter:card\" content=\"summary_large_image\" \/>\n<meta name=\"twitter:label1\" content=\"Est. reading time\" \/>\n\t<meta name=\"twitter:data1\" content=\"1 minute\" \/>\n<script type=\"application\/ld+json\" class=\"yoast-schema-graph\">{\"@context\":\"https:\/\/schema.org\",\"@graph\":[{\"@type\":\"WebPage\",\"@id\":\"https:\/\/www.hanzahotel.lv\/lv\/atrasanas-vieta\/\",\"url\":\"https:\/\/www.hanzahotel.lv\/lv\/atrasanas-vieta\/\",\"name\":\"Atra\u0161an\u0101s vieta - Hanza Hotel\",\"isPartOf\":{\"@id\":\"https:\/\/www.hanzahotel.lv\/lv\/#website\"},\"datePublished\":\"2026-02-23T13:10:03+00:00\",\"dateModified\":\"2026-03-26T13:47:54+00:00\",\"description\":\"J\u016bsu R\u012bgas iepaz\u012b\u0161ana s\u0101kas pie m\u016bsu durv\u012bm. Viesn\u012bca HANZA atrodas Elijas iel\u0101 7, klus\u0101 un v\u0113sturisk\u0101 apkaim\u0113, tikai 15 min\u016b\u0161u g\u0101jiena att\u0101lum\u0101 no slaven\u0101 Centr\u0101ltirgus un 20 min\u016b\u0161u att\u0101lum\u0101 no Vecr\u012bgas sirds\",\"breadcrumb\":{\"@id\":\"https:\/\/www.hanzahotel.lv\/lv\/atrasanas-vieta\/#breadcrumb\"},\"inLanguage\":\"lv-LV\",\"potentialAction\":[{\"@type\":\"ReadAction\",\"target\":[\"https:\/\/www.hanzahotel.lv\/lv\/atrasanas-vieta\/\"]}]},{\"@type\":\"BreadcrumbList\",\"@id\":\"https:\/\/www.hanzahotel.lv\/lv\/atrasanas-vieta\/#breadcrumb\",\"itemListElement\":[{\"@type\":\"ListItem\",\"position\":1,\"name\":\"S\u0101kumlapa\",\"item\":\"https:\/\/www.hanzahotel.lv\/lv\/\"},{\"@type\":\"ListItem\",\"position\":2,\"name\":\"Atra\u0161an\u0101s vieta\"}]},{\"@type\":\"WebSite\",\"@id\":\"https:\/\/www.hanzahotel.lv\/lv\/#website\",\"url\":\"https:\/\/www.hanzahotel.lv\/lv\/\",\"name\":\"Hanza Hotel\",\"description\":\"\",\"potentialAction\":[{\"@type\":\"SearchAction\",\"target\":{\"@type\":\"EntryPoint\",\"urlTemplate\":\"https:\/\/www.hanzahotel.lv\/lv\/?s={search_term_string}\"},\"query-input\":{\"@type\":\"PropertyValueSpecification\",\"valueRequired\":true,\"valueName\":\"search_term_string\"}}],\"inLanguage\":\"lv-LV\"}]}<\/script>\n<!-- \/ Yoast SEO plugin. -->","yoast_head_json":{"title":"Atra\u0161an\u0101s vieta - Hanza Hotel","description":"J\u016bsu R\u012bgas iepaz\u012b\u0161ana s\u0101kas pie m\u016bsu durv\u012bm. Viesn\u012bca HANZA atrodas Elijas iel\u0101 7, klus\u0101 un v\u0113sturisk\u0101 apkaim\u0113, tikai 15 min\u016b\u0161u g\u0101jiena att\u0101lum\u0101 no slaven\u0101 Centr\u0101ltirgus un 20 min\u016b\u0161u att\u0101lum\u0101 no Vecr\u012bgas sirds","robots":{"index":"index","follow":"follow","max-snippet":"max-snippet:-1","max-image-preview":"max-image-preview:large","max-video-preview":"max-video-preview:-1"},"canonical":"https:\/\/www.hanzahotel.lv\/lv\/atrasanas-vieta\/","og_locale":"lv_LV","og_type":"article","og_title":"Atra\u0161an\u0101s vieta - Hanza Hotel","og_description":"J\u016bsu R\u012bgas iepaz\u012b\u0161ana s\u0101kas pie m\u016bsu durv\u012bm. Viesn\u012bca HANZA atrodas Elijas iel\u0101 7, klus\u0101 un v\u0113sturisk\u0101 apkaim\u0113, tikai 15 min\u016b\u0161u g\u0101jiena att\u0101lum\u0101 no slaven\u0101 Centr\u0101ltirgus un 20 min\u016b\u0161u att\u0101lum\u0101 no Vecr\u012bgas sirds","og_url":"https:\/\/www.hanzahotel.lv\/lv\/atrasanas-vieta\/","og_site_name":"Hanza Hotel","article_modified_time":"2026-03-26T13:47:54+00:00","twitter_card":"summary_large_image","twitter_misc":{"Est. reading time":"1 minute"},"schema":{"@context":"https:\/\/schema.org","@graph":[{"@type":"WebPage","@id":"https:\/\/www.hanzahotel.lv\/lv\/atrasanas-vieta\/","url":"https:\/\/www.hanzahotel.lv\/lv\/atrasanas-vieta\/","name":"Atra\u0161an\u0101s vieta - Hanza Hotel","isPartOf":{"@id":"https:\/\/www.hanzahotel.lv\/lv\/#website"},"datePublished":"2026-02-23T13:10:03+00:00","dateModified":"2026-03-26T13:47:54+00:00","description":"J\u016bsu R\u012bgas iepaz\u012b\u0161ana s\u0101kas pie m\u016bsu durv\u012bm. Viesn\u012bca HANZA atrodas Elijas iel\u0101 7, klus\u0101 un v\u0113sturisk\u0101 apkaim\u0113, tikai 15 min\u016b\u0161u g\u0101jiena att\u0101lum\u0101 no slaven\u0101 Centr\u0101ltirgus un 20 min\u016b\u0161u att\u0101lum\u0101 no Vecr\u012bgas sirds","breadcrumb":{"@id":"https:\/\/www.hanzahotel.lv\/lv\/atrasanas-vieta\/#breadcrumb"},"inLanguage":"lv-LV","potentialAction":[{"@type":"ReadAction","target":["https:\/\/www.hanzahotel.lv\/lv\/atrasanas-vieta\/"]}]},{"@type":"BreadcrumbList","@id":"https:\/\/www.hanzahotel.lv\/lv\/atrasanas-vieta\/#breadcrumb","itemListElement":[{"@type":"ListItem","position":1,"name":"S\u0101kumlapa","item":"https:\/\/www.hanzahotel.lv\/lv\/"},{"@type":"ListItem","position":2,"name":"Atra\u0161an\u0101s vieta"}]},{"@type":"WebSite","@id":"https:\/\/www.hanzahotel.lv\/lv\/#website","url":"https:\/\/www.hanzahotel.lv\/lv\/","name":"Hanza Hotel","description":"","potentialAction":[{"@type":"SearchAction","target":{"@type":"EntryPoint","urlTemplate":"https:\/\/www.hanzahotel.lv\/lv\/?s={search_term_string}"},"query-input":{"@type":"PropertyValueSpecification","valueRequired":true,"valueName":"search_term_string"}}],"inLanguage":"lv-LV"}]}},"acf":[],"_links":{"self":[{"href":"https:\/\/www.hanzahotel.lv\/lv\/wp-json\/wp\/v2\/pages\/161","targetHints":{"allow":["GET"]}}],"collection":[{"href":"https:\/\/www.hanzahotel.lv\/lv\/wp-json\/wp\/v2\/pages"}],"about":[{"href":"https:\/\/www.hanzahotel.lv\/lv\/wp-json\/wp\/v2\/types\/page"}],"author":[{"embeddable":true,"href":"https:\/\/www.hanzahotel.lv\/lv\/wp-json\/wp\/v2\/users\/13"}],"replies":[{"embeddable":true,"href":"https:\/\/www.hanzahotel.lv\/lv\/wp-json\/wp\/v2\/comments?post=161"}],"version-history":[{"count":0,"href":"https:\/\/www.hanzahotel.lv\/lv\/wp-json\/wp\/v2\/pages\/161\/revisions"}],"wp:attachment":[{"href":"https:\/\/www.hanzahotel.lv\/lv\/wp-json\/wp\/v2\/media?parent=161"}],"curies":[{"name":"wp","href":"https:\/\/api.w.org\/{rel}","templated":true}]}}