{"id":165,"date":"2026-02-23T13:18:30","date_gmt":"2026-02-23T13:18:30","guid":{"rendered":"https:\/\/hanza-hotel.ms3.decms.eu\/contact-the-hanza-hotel-team\/"},"modified":"2026-03-26T13:45:04","modified_gmt":"2026-03-26T13:45:04","slug":"sazinieties-ar-viesnicas-hanza-komandu","status":"publish","type":"page","link":"https:\/\/www.hanzahotel.lv\/lv\/sazinieties-ar-viesnicas-hanza-komandu\/","title":{"rendered":"Sazinieties ar viesn\u012bcas HANZA komandu"},"content":{"rendered":"<p style=\"text-align: center;\">Vai jums ir jaut\u0101jumi par gaid\u0101mo uztur\u0113\u0161anos vai nepiecie\u0161ama pal\u012bdz\u012bba ar \u012bpa\u0161u l\u016bgumu? Viesn\u012bc\u0101 HANZA m\u0113s ticam vienk\u0101r\u0161ai un god\u012bgai komunik\u0101cijai. Neatkar\u012bgi no t\u0101, vai v\u0113laties p\u0101rbaud\u012bt numuru pieejam\u012bbu, apstiprin\u0101t iera\u0161an\u0101s deta\u013cas vai jaut\u0101t par \u0113rt\u0101ko ce\u013cu no stacijas, m\u016bsu komanda ir gatava sniegt skaidras un noder\u012bgas atbildes. J\u016bs varat sazin\u0101ties ar mums 24\/7 pa t\u0101lruni vai e-pastu, vai ar\u012b iegriezties m\u016bsu recepcij\u0101 Elijas iel\u0101 7. M\u0113s vienm\u0113r priec\u0101simies pal\u012bdz\u0113t, lai j\u016bsu R\u012bgas apmekl\u0113jums b\u016btu p\u0113c iesp\u0113jas pat\u012bkam\u0101ks un \u0113rt\u0101ks.<\/p>\n<p>&nbsp;<\/p>\n<p style=\"text-align: center;\">\n                <div class='gf_browser_gecko gform_wrapper' id='gform_wrapper_2' ><form method='post' enctype='multipart\/form-data'  id='gform_2'  action='\/lv\/wp-json\/wp\/v2\/pages\/165'>\n                        <div class='gform_heading'>\n                            <span class='gform_description'><\/span>\n                        <\/div>\n                        <div class='gform_body'><ul id='gform_fields_2' class='gform_fields top_label form_sublabel_below description_below'><li id='field_2_1'  class='gfield gfield_contains_required field_sublabel_below field_description_below gfield_visibility_visible' ><label class='gfield_label' for='input_2_1' >V\u0101rds<span class='gfield_required'>*<\/span><\/label><div class='ginput_container ginput_container_text'><input name='input_1' id='input_2_1' type='text' value='' class='medium'     aria-required=\"true\" aria-invalid=\"false\" \/><\/div><\/li><li id='field_2_2'  class='gfield gfield_contains_required field_sublabel_below field_description_below gfield_visibility_visible' ><label class='gfield_label' for='input_2_2' >Uzv\u0101rds<span class='gfield_required'>*<\/span><\/label><div class='ginput_container ginput_container_text'><input name='input_2' id='input_2_2' type='text' value='' class='medium'     aria-required=\"true\" aria-invalid=\"false\" \/><\/div><\/li><li id='field_2_3'  class='gfield gfield_contains_required field_sublabel_below field_description_below gfield_visibility_visible' ><label class='gfield_label' for='input_2_3' >E-pasts<span class='gfield_required'>*<\/span><\/label><div class='ginput_container ginput_container_email'>\n                            <input name='input_3' id='input_2_3' type='text' value='' class='medium'    aria-required=\"true\" aria-invalid=\"false\" \/>\n                        <\/div><\/li><li id='field_2_4'  class='gfield field_sublabel_below field_description_below gfield_visibility_visible' ><label class='gfield_label' for='input_2_4' >T\u0101lrunis<\/label><div class='ginput_container ginput_container_phone'><input name='input_4' id='input_2_4' type='text' value='' class='medium'    aria-invalid=\"false\"  \/><\/div><\/li><li id='field_2_5'  class='gfield gfield_contains_required field_sublabel_below field_description_below gfield_visibility_visible' ><label class='gfield_label' for='input_2_5' >J\u016bsu zi\u0146a<span class='gfield_required'>*<\/span><\/label><div class='ginput_container ginput_container_textarea'><textarea name='input_5' id='input_2_5' class='textarea medium'     aria-required=\"true\" aria-invalid=\"false\"   rows='10' cols='50'><\/textarea><\/div><\/li><li id='field_2_8'  class='gfield gfield_contains_required field_sublabel_below field_description_below gfield_visibility_visible' ><label class='gfield_label'  >Piekri\u0161ana<span class='gfield_required'>*<\/span><\/label><div class='ginput_container ginput_container_checkbox'><ul class='gfield_checkbox' id='input_2_8'><li class='gchoice_2_8_1'>\n\t\t\t\t\t\t\t\t<input name='input_8.1' type='checkbox'  value='Es piekr\u012btu konfidencialit\u0101tes politikai.'  id='choice_2_8_1'   \/>\n\t\t\t\t\t\t\t\t<label for='choice_2_8_1' id='label_2_8_1'>Es piekr\u012btu konfidencialit\u0101tes politikai.<\/label>\n\t\t\t\t\t\t\t<\/li><\/ul><\/div><\/li><li id='field_2_6'  class='gfield field_sublabel_below field_description_below gfield_visibility_visible' ><label class='gfield_label' for='input_2_6' >CAPTCHA<\/label><div id='input_2_6' class='ginput_container ginput_recaptcha' data-sitekey='6LdRE3UsAAAAABiaNpbBbNW8IpWrEV_F102EX5kv'  data-theme='light' data-tabindex='0'  data-badge=''><\/div><\/li><li id='field_2_9'  class='gfield gform_validation_container field_sublabel_below field_description_below gfield_visibility_visible' ><label class='gfield_label' for='input_2_9' >Name<\/label><div class='ginput_container'><input name='input_9' id='input_2_9' type='text' value='' \/><\/div><div class='gfield_description' id='gfield_description_2_9'>This field is for validation purposes and should be left unchanged.<\/div><\/li>\n                            <\/ul><\/div>\n        <div class='gform_footer top_label'> <input type='submit' id='gform_submit_button_2' class='gform_button button' value='Nos\u016bt\u012bt'  onclick='if(window[\"gf_submitting_2\"]){return false;}  window[\"gf_submitting_2\"]=true;  ' onkeypress='if( event.keyCode == 13 ){ if(window[\"gf_submitting_2\"]){return false;} window[\"gf_submitting_2\"]=true;  jQuery(\"#gform_2\").trigger(\"submit\",[true]); }' \/> \n            <input type='hidden' class='gform_hidden' name='is_submit_2' value='1' \/>\n            <input type='hidden' class='gform_hidden' name='gform_submit' value='2' \/>\n            \n            <input type='hidden' class='gform_hidden' name='gform_unique_id' value='' \/>\n            <input type='hidden' class='gform_hidden' name='state_2' value='WyJbXSIsIjRlYWM4NjFjNWMyZTRhNzBmYWZkNzdkN2NlNGRhZGFlIl0=' \/>\n            <input type='hidden' class='gform_hidden' name='gform_target_page_number_2' id='gform_target_page_number_2' value='0' \/>\n            <input type='hidden' class='gform_hidden' name='gform_source_page_number_2' id='gform_source_page_number_2' value='1' \/>\n            <input type='hidden' name='gform_field_values' value='' \/>\n            \n        <\/div>\n                        <\/form>\n                        <\/div><script type='text\/javascript'> jQuery(document).bind('gform_post_render', function(event, formId, currentPage){if(formId == 2) {} } );jQuery(document).bind('gform_post_conditional_logic', function(event, formId, fields, isInit){} );<\/script><script type='text\/javascript'> jQuery(document).ready(function(){jQuery(document).trigger('gform_post_render', [2, 1]) } ); <\/script><\/p>\n<p>&nbsp;<\/p>\n","protected":false},"excerpt":{"rendered":"<p>Vai jums ir jaut\u0101jumi par gaid\u0101mo uztur\u0113\u0161anos vai nepiecie\u0161ama pal\u012bdz\u012bba ar \u012bpa\u0161u l\u016bgumu? Viesn\u012bc\u0101 HANZA m\u0113s ticam vienk\u0101r\u0161ai un god\u012bgai komunik\u0101cijai. Neatkar\u012bgi no t\u0101, vai v\u0113laties p\u0101rbaud\u012bt numuru pieejam\u012bbu, apstiprin\u0101t iera\u0161an\u0101s deta\u013cas vai jaut\u0101t par \u0113rt\u0101ko ce\u013cu no stacijas, m\u016bsu komanda ir gatava sniegt skaidras un noder\u012bgas atbildes. J\u016bs varat sazin\u0101ties ar mums 24\/7 pa [&hellip;]<\/p>\n","protected":false},"author":13,"featured_media":0,"parent":0,"menu_order":7,"comment_status":"closed","ping_status":"closed","template":"template-contacts.php","meta":{"footnotes":""},"class_list":["post-165","page","type-page","status-publish","hentry"],"yoast_head":"<!-- This site is optimized with the Yoast SEO plugin v26.9 - https:\/\/yoast.com\/product\/yoast-seo-wordpress\/ -->\n<title>Sazinieties ar viesn\u012bcas HANZA komandu - Hanza Hotel<\/title>\n<meta name=\"description\" content=\"Vai jums ir jaut\u0101jumi par gaid\u0101mo uztur\u0113\u0161anos vai nepiecie\u0161ama pal\u012bdz\u012bba ar \u012bpa\u0161u l\u016bgumu? Viesn\u012bc\u0101 HANZA m\u0113s ticam vienk\u0101r\u0161ai un god\u012bgai komunik\u0101cijai. Neatkar\u012bgi no t\u0101, vai v\u0113laties p\u0101rbaud\u012bt numuru pieejam\u012bbu, apstiprin\u0101t iera\u0161an\u0101s deta\u013cas vai jaut\u0101t par \u0113rt\u0101ko ce\u013cu no stacijas, m\u016bsu komanda ir gatava sniegt skaidras un noder\u012bgas atbildes\" \/>\n<meta name=\"robots\" content=\"index, follow, max-snippet:-1, max-image-preview:large, max-video-preview:-1\" \/>\n<link rel=\"canonical\" href=\"https:\/\/www.hanzahotel.lv\/lv\/sazinieties-ar-viesnicas-hanza-komandu\/\" \/>\n<meta property=\"og:locale\" content=\"lv_LV\" \/>\n<meta property=\"og:type\" content=\"article\" \/>\n<meta property=\"og:title\" content=\"Sazinieties ar viesn\u012bcas HANZA komandu - Hanza Hotel\" \/>\n<meta property=\"og:description\" content=\"Vai jums ir jaut\u0101jumi par gaid\u0101mo uztur\u0113\u0161anos vai nepiecie\u0161ama pal\u012bdz\u012bba ar \u012bpa\u0161u l\u016bgumu? Viesn\u012bc\u0101 HANZA m\u0113s ticam vienk\u0101r\u0161ai un god\u012bgai komunik\u0101cijai. Neatkar\u012bgi no t\u0101, vai v\u0113laties p\u0101rbaud\u012bt numuru pieejam\u012bbu, apstiprin\u0101t iera\u0161an\u0101s deta\u013cas vai jaut\u0101t par \u0113rt\u0101ko ce\u013cu no stacijas, m\u016bsu komanda ir gatava sniegt skaidras un noder\u012bgas atbildes\" \/>\n<meta property=\"og:url\" content=\"https:\/\/www.hanzahotel.lv\/lv\/sazinieties-ar-viesnicas-hanza-komandu\/\" \/>\n<meta property=\"og:site_name\" content=\"Hanza Hotel\" \/>\n<meta property=\"article:modified_time\" content=\"2026-03-26T13:45:04+00:00\" \/>\n<meta name=\"twitter:card\" content=\"summary_large_image\" \/>\n<meta name=\"twitter:label1\" content=\"Est. reading time\" \/>\n\t<meta name=\"twitter:data1\" content=\"1 minute\" \/>\n<script type=\"application\/ld+json\" class=\"yoast-schema-graph\">{\"@context\":\"https:\/\/schema.org\",\"@graph\":[{\"@type\":\"WebPage\",\"@id\":\"https:\/\/www.hanzahotel.lv\/lv\/sazinieties-ar-viesnicas-hanza-komandu\/\",\"url\":\"https:\/\/www.hanzahotel.lv\/lv\/sazinieties-ar-viesnicas-hanza-komandu\/\",\"name\":\"Sazinieties ar viesn\u012bcas HANZA komandu - Hanza Hotel\",\"isPartOf\":{\"@id\":\"https:\/\/www.hanzahotel.lv\/lv\/#website\"},\"datePublished\":\"2026-02-23T13:18:30+00:00\",\"dateModified\":\"2026-03-26T13:45:04+00:00\",\"description\":\"Vai jums ir jaut\u0101jumi par gaid\u0101mo uztur\u0113\u0161anos vai nepiecie\u0161ama pal\u012bdz\u012bba ar \u012bpa\u0161u l\u016bgumu? Viesn\u012bc\u0101 HANZA m\u0113s ticam vienk\u0101r\u0161ai un god\u012bgai komunik\u0101cijai. Neatkar\u012bgi no t\u0101, vai v\u0113laties p\u0101rbaud\u012bt numuru pieejam\u012bbu, apstiprin\u0101t iera\u0161an\u0101s deta\u013cas vai jaut\u0101t par \u0113rt\u0101ko ce\u013cu no stacijas, m\u016bsu komanda ir gatava sniegt skaidras un noder\u012bgas atbildes\",\"breadcrumb\":{\"@id\":\"https:\/\/www.hanzahotel.lv\/lv\/sazinieties-ar-viesnicas-hanza-komandu\/#breadcrumb\"},\"inLanguage\":\"lv-LV\",\"potentialAction\":[{\"@type\":\"ReadAction\",\"target\":[\"https:\/\/www.hanzahotel.lv\/lv\/sazinieties-ar-viesnicas-hanza-komandu\/\"]}]},{\"@type\":\"BreadcrumbList\",\"@id\":\"https:\/\/www.hanzahotel.lv\/lv\/sazinieties-ar-viesnicas-hanza-komandu\/#breadcrumb\",\"itemListElement\":[{\"@type\":\"ListItem\",\"position\":1,\"name\":\"S\u0101kumlapa\",\"item\":\"https:\/\/www.hanzahotel.lv\/lv\/\"},{\"@type\":\"ListItem\",\"position\":2,\"name\":\"Sazinieties ar viesn\u012bcas HANZA komandu\"}]},{\"@type\":\"WebSite\",\"@id\":\"https:\/\/www.hanzahotel.lv\/lv\/#website\",\"url\":\"https:\/\/www.hanzahotel.lv\/lv\/\",\"name\":\"Hanza Hotel\",\"description\":\"\",\"potentialAction\":[{\"@type\":\"SearchAction\",\"target\":{\"@type\":\"EntryPoint\",\"urlTemplate\":\"https:\/\/www.hanzahotel.lv\/lv\/?s={search_term_string}\"},\"query-input\":{\"@type\":\"PropertyValueSpecification\",\"valueRequired\":true,\"valueName\":\"search_term_string\"}}],\"inLanguage\":\"lv-LV\"}]}<\/script>\n<!-- \/ Yoast SEO plugin. -->","yoast_head_json":{"title":"Sazinieties ar viesn\u012bcas HANZA komandu - Hanza Hotel","description":"Vai jums ir jaut\u0101jumi par gaid\u0101mo uztur\u0113\u0161anos vai nepiecie\u0161ama pal\u012bdz\u012bba ar \u012bpa\u0161u l\u016bgumu? Viesn\u012bc\u0101 HANZA m\u0113s ticam vienk\u0101r\u0161ai un god\u012bgai komunik\u0101cijai. Neatkar\u012bgi no t\u0101, vai v\u0113laties p\u0101rbaud\u012bt numuru pieejam\u012bbu, apstiprin\u0101t iera\u0161an\u0101s deta\u013cas vai jaut\u0101t par \u0113rt\u0101ko ce\u013cu no stacijas, m\u016bsu komanda ir gatava sniegt skaidras un noder\u012bgas atbildes","robots":{"index":"index","follow":"follow","max-snippet":"max-snippet:-1","max-image-preview":"max-image-preview:large","max-video-preview":"max-video-preview:-1"},"canonical":"https:\/\/www.hanzahotel.lv\/lv\/sazinieties-ar-viesnicas-hanza-komandu\/","og_locale":"lv_LV","og_type":"article","og_title":"Sazinieties ar viesn\u012bcas HANZA komandu - Hanza Hotel","og_description":"Vai jums ir jaut\u0101jumi par gaid\u0101mo uztur\u0113\u0161anos vai nepiecie\u0161ama pal\u012bdz\u012bba ar \u012bpa\u0161u l\u016bgumu? Viesn\u012bc\u0101 HANZA m\u0113s ticam vienk\u0101r\u0161ai un god\u012bgai komunik\u0101cijai. Neatkar\u012bgi no t\u0101, vai v\u0113laties p\u0101rbaud\u012bt numuru pieejam\u012bbu, apstiprin\u0101t iera\u0161an\u0101s deta\u013cas vai jaut\u0101t par \u0113rt\u0101ko ce\u013cu no stacijas, m\u016bsu komanda ir gatava sniegt skaidras un noder\u012bgas atbildes","og_url":"https:\/\/www.hanzahotel.lv\/lv\/sazinieties-ar-viesnicas-hanza-komandu\/","og_site_name":"Hanza Hotel","article_modified_time":"2026-03-26T13:45:04+00:00","twitter_card":"summary_large_image","twitter_misc":{"Est. reading time":"1 minute"},"schema":{"@context":"https:\/\/schema.org","@graph":[{"@type":"WebPage","@id":"https:\/\/www.hanzahotel.lv\/lv\/sazinieties-ar-viesnicas-hanza-komandu\/","url":"https:\/\/www.hanzahotel.lv\/lv\/sazinieties-ar-viesnicas-hanza-komandu\/","name":"Sazinieties ar viesn\u012bcas HANZA komandu - Hanza Hotel","isPartOf":{"@id":"https:\/\/www.hanzahotel.lv\/lv\/#website"},"datePublished":"2026-02-23T13:18:30+00:00","dateModified":"2026-03-26T13:45:04+00:00","description":"Vai jums ir jaut\u0101jumi par gaid\u0101mo uztur\u0113\u0161anos vai nepiecie\u0161ama pal\u012bdz\u012bba ar \u012bpa\u0161u l\u016bgumu? Viesn\u012bc\u0101 HANZA m\u0113s ticam vienk\u0101r\u0161ai un god\u012bgai komunik\u0101cijai. Neatkar\u012bgi no t\u0101, vai v\u0113laties p\u0101rbaud\u012bt numuru pieejam\u012bbu, apstiprin\u0101t iera\u0161an\u0101s deta\u013cas vai jaut\u0101t par \u0113rt\u0101ko ce\u013cu no stacijas, m\u016bsu komanda ir gatava sniegt skaidras un noder\u012bgas atbildes","breadcrumb":{"@id":"https:\/\/www.hanzahotel.lv\/lv\/sazinieties-ar-viesnicas-hanza-komandu\/#breadcrumb"},"inLanguage":"lv-LV","potentialAction":[{"@type":"ReadAction","target":["https:\/\/www.hanzahotel.lv\/lv\/sazinieties-ar-viesnicas-hanza-komandu\/"]}]},{"@type":"BreadcrumbList","@id":"https:\/\/www.hanzahotel.lv\/lv\/sazinieties-ar-viesnicas-hanza-komandu\/#breadcrumb","itemListElement":[{"@type":"ListItem","position":1,"name":"S\u0101kumlapa","item":"https:\/\/www.hanzahotel.lv\/lv\/"},{"@type":"ListItem","position":2,"name":"Sazinieties ar viesn\u012bcas HANZA komandu"}]},{"@type":"WebSite","@id":"https:\/\/www.hanzahotel.lv\/lv\/#website","url":"https:\/\/www.hanzahotel.lv\/lv\/","name":"Hanza Hotel","description":"","potentialAction":[{"@type":"SearchAction","target":{"@type":"EntryPoint","urlTemplate":"https:\/\/www.hanzahotel.lv\/lv\/?s={search_term_string}"},"query-input":{"@type":"PropertyValueSpecification","valueRequired":true,"valueName":"search_term_string"}}],"inLanguage":"lv-LV"}]}},"acf":[],"_links":{"self":[{"href":"https:\/\/www.hanzahotel.lv\/lv\/wp-json\/wp\/v2\/pages\/165","targetHints":{"allow":["GET"]}}],"collection":[{"href":"https:\/\/www.hanzahotel.lv\/lv\/wp-json\/wp\/v2\/pages"}],"about":[{"href":"https:\/\/www.hanzahotel.lv\/lv\/wp-json\/wp\/v2\/types\/page"}],"author":[{"embeddable":true,"href":"https:\/\/www.hanzahotel.lv\/lv\/wp-json\/wp\/v2\/users\/13"}],"replies":[{"embeddable":true,"href":"https:\/\/www.hanzahotel.lv\/lv\/wp-json\/wp\/v2\/comments?post=165"}],"version-history":[{"count":0,"href":"https:\/\/www.hanzahotel.lv\/lv\/wp-json\/wp\/v2\/pages\/165\/revisions"}],"wp:attachment":[{"href":"https:\/\/www.hanzahotel.lv\/lv\/wp-json\/wp\/v2\/media?parent=165"}],"curies":[{"name":"wp","href":"https:\/\/api.w.org\/{rel}","templated":true}]}}