{"id":169,"date":"2026-02-23T12:24:49","date_gmt":"2026-02-23T12:24:49","guid":{"rendered":"https:\/\/hanza-hotel.ms3.decms.eu\/hanza-hotel\/"},"modified":"2026-03-26T11:01:21","modified_gmt":"2026-03-26T11:01:21","slug":"hanza-hotel","status":"publish","type":"page","link":"https:\/\/www.hanzahotel.lv\/lv\/","title":{"rendered":"Viesn\u012bca HANZA \u2013 m\u0101j\u012bga atp\u016bta pils\u0113t\u0101"},"content":{"rendered":"<p style=\"text-align: center;\">Laipni l\u016bdzam viesn\u012bc\u0101 HANZA \u2013 m\u0101j\u012bg\u0101 un viesm\u012bl\u012bg\u0101 viet\u0101 pa\u0161\u0101 R\u012bgas sird\u012b. M\u016bsu viesn\u012bca atrodas 1901. gad\u0101 celt\u0101 v\u0113sturisk\u0101 \u0113k\u0101. T\u0101s vienk\u0101r\u0161ie un t\u012brie numuri pied\u0101v\u0101 komfortu ar \u012bpa\u0161u raksturu, un no daudziem logiem paveras skats uz Baltij\u0101 liel\u0101ko koka bazn\u012bcu. Atrodoties tikai 15 min\u016b\u0161u g\u0101jiena att\u0101lum\u0101 no R\u012bgas Centr\u0101ltirgus un 20 min\u016b\u0161u att\u0101lum\u0101 no v\u0113sturisk\u0101s Vecr\u012bgas, HANZA ir ide\u0101la vieta pils\u0113tas iepaz\u012b\u0161anai, vienlaikus baudot klusu un nepiespiestu atmosf\u0113ru.<\/p>\n","protected":false},"excerpt":{"rendered":"<p>Laipni l\u016bdzam viesn\u012bc\u0101 HANZA \u2013 m\u0101j\u012bg\u0101 un viesm\u012bl\u012bg\u0101 viet\u0101 pa\u0161\u0101 R\u012bgas sird\u012b. M\u016bsu viesn\u012bca atrodas 1901. gad\u0101 celt\u0101 v\u0113sturisk\u0101 \u0113k\u0101. T\u0101s vienk\u0101r\u0161ie un t\u012brie numuri pied\u0101v\u0101 komfortu ar \u012bpa\u0161u raksturu, un no daudziem logiem paveras skats uz Baltij\u0101 liel\u0101ko koka bazn\u012bcu. Atrodoties tikai 15 min\u016b\u0161u g\u0101jiena att\u0101lum\u0101 no R\u012bgas Centr\u0101ltirgus un 20 min\u016b\u0161u att\u0101lum\u0101 no [&hellip;]<\/p>\n","protected":false},"author":13,"featured_media":0,"parent":0,"menu_order":0,"comment_status":"closed","ping_status":"closed","template":"","meta":{"footnotes":""},"class_list":["post-169","page","type-page","status-publish","hentry"],"yoast_head":"<!-- This site is optimized with the Yoast SEO plugin v26.9 - https:\/\/yoast.com\/product\/yoast-seo-wordpress\/ -->\n<title>Viesn\u012bca HANZA \u2013 m\u0101j\u012bga atp\u016bta pils\u0113t\u0101 - Hanza Hotel<\/title>\n<meta name=\"description\" content=\"Laipni l\u016bdzam viesn\u012bc\u0101 HANZA \u2013 m\u0101j\u012bg\u0101 un viesm\u012bl\u012bg\u0101 viet\u0101 pa\u0161\u0101 R\u012bgas sird\u012b. M\u016bsu viesn\u012bca atrodas 1901\" \/>\n<meta name=\"robots\" content=\"index, follow, max-snippet:-1, max-image-preview:large, max-video-preview:-1\" \/>\n<link rel=\"canonical\" href=\"https:\/\/www.hanzahotel.lv\/lv\/\" \/>\n<meta property=\"og:locale\" content=\"lv_LV\" \/>\n<meta property=\"og:type\" content=\"article\" \/>\n<meta property=\"og:title\" content=\"Viesn\u012bca HANZA \u2013 m\u0101j\u012bga atp\u016bta pils\u0113t\u0101 - Hanza Hotel\" \/>\n<meta property=\"og:description\" content=\"Laipni l\u016bdzam viesn\u012bc\u0101 HANZA \u2013 m\u0101j\u012bg\u0101 un viesm\u012bl\u012bg\u0101 viet\u0101 pa\u0161\u0101 R\u012bgas sird\u012b. M\u016bsu viesn\u012bca atrodas 1901\" \/>\n<meta property=\"og:url\" content=\"https:\/\/www.hanzahotel.lv\/lv\/\" \/>\n<meta property=\"og:site_name\" content=\"Hanza Hotel\" \/>\n<meta property=\"article:modified_time\" content=\"2026-03-26T11:01:21+00:00\" \/>\n<meta name=\"twitter:card\" content=\"summary_large_image\" \/>\n<meta name=\"twitter:label1\" content=\"Est. reading time\" \/>\n\t<meta name=\"twitter:data1\" content=\"1 minute\" \/>\n<script type=\"application\/ld+json\" class=\"yoast-schema-graph\">{\"@context\":\"https:\/\/schema.org\",\"@graph\":[{\"@type\":\"WebPage\",\"@id\":\"https:\/\/www.hanzahotel.lv\/lv\/\",\"url\":\"https:\/\/www.hanzahotel.lv\/lv\/\",\"name\":\"Viesn\u012bca HANZA \u2013 m\u0101j\u012bga atp\u016bta pils\u0113t\u0101 - Hanza Hotel\",\"isPartOf\":{\"@id\":\"https:\/\/www.hanzahotel.lv\/lv\/#website\"},\"datePublished\":\"2026-02-23T12:24:49+00:00\",\"dateModified\":\"2026-03-26T11:01:21+00:00\",\"description\":\"Laipni l\u016bdzam viesn\u012bc\u0101 HANZA \u2013 m\u0101j\u012bg\u0101 un viesm\u012bl\u012bg\u0101 viet\u0101 pa\u0161\u0101 R\u012bgas sird\u012b. M\u016bsu viesn\u012bca atrodas 1901\",\"breadcrumb\":{\"@id\":\"https:\/\/www.hanzahotel.lv\/lv\/#breadcrumb\"},\"inLanguage\":\"lv-LV\",\"potentialAction\":[{\"@type\":\"ReadAction\",\"target\":[\"https:\/\/www.hanzahotel.lv\/lv\/\"]}]},{\"@type\":\"BreadcrumbList\",\"@id\":\"https:\/\/www.hanzahotel.lv\/lv\/#breadcrumb\",\"itemListElement\":[{\"@type\":\"ListItem\",\"position\":1,\"name\":\"S\u0101kumlapa\",\"item\":\"https:\/\/www.hanzahotel.lv\/lv\/\"},{\"@type\":\"ListItem\",\"position\":2,\"name\":\"Viesn\u012bca HANZA \u2013 m\u0101j\u012bga atp\u016bta pils\u0113t\u0101\"}]},{\"@type\":\"WebSite\",\"@id\":\"https:\/\/www.hanzahotel.lv\/lv\/#website\",\"url\":\"https:\/\/www.hanzahotel.lv\/lv\/\",\"name\":\"Hanza Hotel\",\"description\":\"\",\"potentialAction\":[{\"@type\":\"SearchAction\",\"target\":{\"@type\":\"EntryPoint\",\"urlTemplate\":\"https:\/\/www.hanzahotel.lv\/lv\/?s={search_term_string}\"},\"query-input\":{\"@type\":\"PropertyValueSpecification\",\"valueRequired\":true,\"valueName\":\"search_term_string\"}}],\"inLanguage\":\"lv-LV\"}]}<\/script>\n<!-- \/ Yoast SEO plugin. -->","yoast_head_json":{"title":"Viesn\u012bca HANZA \u2013 m\u0101j\u012bga atp\u016bta pils\u0113t\u0101 - Hanza Hotel","description":"Laipni l\u016bdzam viesn\u012bc\u0101 HANZA \u2013 m\u0101j\u012bg\u0101 un viesm\u012bl\u012bg\u0101 viet\u0101 pa\u0161\u0101 R\u012bgas sird\u012b. M\u016bsu viesn\u012bca atrodas 1901","robots":{"index":"index","follow":"follow","max-snippet":"max-snippet:-1","max-image-preview":"max-image-preview:large","max-video-preview":"max-video-preview:-1"},"canonical":"https:\/\/www.hanzahotel.lv\/lv\/","og_locale":"lv_LV","og_type":"article","og_title":"Viesn\u012bca HANZA \u2013 m\u0101j\u012bga atp\u016bta pils\u0113t\u0101 - Hanza Hotel","og_description":"Laipni l\u016bdzam viesn\u012bc\u0101 HANZA \u2013 m\u0101j\u012bg\u0101 un viesm\u012bl\u012bg\u0101 viet\u0101 pa\u0161\u0101 R\u012bgas sird\u012b. M\u016bsu viesn\u012bca atrodas 1901","og_url":"https:\/\/www.hanzahotel.lv\/lv\/","og_site_name":"Hanza Hotel","article_modified_time":"2026-03-26T11:01:21+00:00","twitter_card":"summary_large_image","twitter_misc":{"Est. reading time":"1 minute"},"schema":{"@context":"https:\/\/schema.org","@graph":[{"@type":"WebPage","@id":"https:\/\/www.hanzahotel.lv\/lv\/","url":"https:\/\/www.hanzahotel.lv\/lv\/","name":"Viesn\u012bca HANZA \u2013 m\u0101j\u012bga atp\u016bta pils\u0113t\u0101 - Hanza Hotel","isPartOf":{"@id":"https:\/\/www.hanzahotel.lv\/lv\/#website"},"datePublished":"2026-02-23T12:24:49+00:00","dateModified":"2026-03-26T11:01:21+00:00","description":"Laipni l\u016bdzam viesn\u012bc\u0101 HANZA \u2013 m\u0101j\u012bg\u0101 un viesm\u012bl\u012bg\u0101 viet\u0101 pa\u0161\u0101 R\u012bgas sird\u012b. M\u016bsu viesn\u012bca atrodas 1901","breadcrumb":{"@id":"https:\/\/www.hanzahotel.lv\/lv\/#breadcrumb"},"inLanguage":"lv-LV","potentialAction":[{"@type":"ReadAction","target":["https:\/\/www.hanzahotel.lv\/lv\/"]}]},{"@type":"BreadcrumbList","@id":"https:\/\/www.hanzahotel.lv\/lv\/#breadcrumb","itemListElement":[{"@type":"ListItem","position":1,"name":"S\u0101kumlapa","item":"https:\/\/www.hanzahotel.lv\/lv\/"},{"@type":"ListItem","position":2,"name":"Viesn\u012bca HANZA \u2013 m\u0101j\u012bga atp\u016bta pils\u0113t\u0101"}]},{"@type":"WebSite","@id":"https:\/\/www.hanzahotel.lv\/lv\/#website","url":"https:\/\/www.hanzahotel.lv\/lv\/","name":"Hanza Hotel","description":"","potentialAction":[{"@type":"SearchAction","target":{"@type":"EntryPoint","urlTemplate":"https:\/\/www.hanzahotel.lv\/lv\/?s={search_term_string}"},"query-input":{"@type":"PropertyValueSpecification","valueRequired":true,"valueName":"search_term_string"}}],"inLanguage":"lv-LV"}]}},"acf":[],"_links":{"self":[{"href":"https:\/\/www.hanzahotel.lv\/lv\/wp-json\/wp\/v2\/pages\/169","targetHints":{"allow":["GET"]}}],"collection":[{"href":"https:\/\/www.hanzahotel.lv\/lv\/wp-json\/wp\/v2\/pages"}],"about":[{"href":"https:\/\/www.hanzahotel.lv\/lv\/wp-json\/wp\/v2\/types\/page"}],"author":[{"embeddable":true,"href":"https:\/\/www.hanzahotel.lv\/lv\/wp-json\/wp\/v2\/users\/13"}],"replies":[{"embeddable":true,"href":"https:\/\/www.hanzahotel.lv\/lv\/wp-json\/wp\/v2\/comments?post=169"}],"version-history":[{"count":0,"href":"https:\/\/www.hanzahotel.lv\/lv\/wp-json\/wp\/v2\/pages\/169\/revisions"}],"wp:attachment":[{"href":"https:\/\/www.hanzahotel.lv\/lv\/wp-json\/wp\/v2\/media?parent=169"}],"curies":[{"name":"wp","href":"https:\/\/api.w.org\/{rel}","templated":true}]}}